{"id":1910,"date":"2019-02-13T10:02:01","date_gmt":"2019-02-13T09:02:01","guid":{"rendered":"http:\/\/www.axf-axles.com\/home\/"},"modified":"2020-08-05T11:16:28","modified_gmt":"2020-08-05T09:16:28","slug":"home","status":"publish","type":"page","link":"https:\/\/www.axf-axles.com\/es\/","title":{"rendered":"Inicio"},"content":{"rendered":"<p>[vc_row full_width=\u00bbstretch_row_content_no_spaces\u00bb css=\u00bb.vc_custom_1550218959086{padding-top: 0px !important;padding-bottom: 0px !important;}\u00bb el_class=\u00bbhome-slider\u00bb][vc_column]<div class=\"composer-primary-slider\" data-items=\"1\" data-loop=\"true\" data-autoplay=\"false\" data-autoplay-timeout=\"5000\" data-nav=\"false\" data-autoplay_hover_pause=\"true\" data-dots=\"true\"><div class=\"slider-content align-center  vc_custom_1596618969718\"><div class=\"slider-wrap\"><div class=\"slider-wrap-inner\"><h2 class=\"slide-title\" style=\" font-size: 68px; text-transform: none; line-height: 72px; color: #ffffff;\">Axles born to last<\/h2><p class=\"slide-content\" style=\" font-size: 18px; line-height: 22px; color: #ffffff;\">AXF fabrica ejes y semiejes de la mejor calidad dise\u00f1ados y producidos para durar mucho tiempo.<\/p><div class=\"pix_button \"><a href=\"http:\/\/www.axf-axles.com\/es\/quienes-somos\/\"  class=\"clear btn btn-solid btn-hover-outline btn-rectangle white btn-hover-color btn-custom\"style=\"font-size:18px;padding: 20px 30px;\">SABER M\u00c1S<\/a><\/div><\/div><\/div><\/div><div class=\"slider-content align-center  vc_custom_1596618981174\"><div class=\"slider-wrap\"><div class=\"slider-wrap-inner\"><h2 class=\"slide-title\" style=\" font-size: 68px; text-transform: none; line-height: 72px; color: #ffffff;\">Axles born to last<\/h2><p class=\"slide-content\" style=\" font-size: 18px; line-height: 22px; color: #ffffff;\">AXF fabrica ejes y semiejes de la mejor calidad dise\u00f1ados y producidos para durar mucho tiempo.<\/p><div class=\"pix_button \"><a href=\"http:\/\/www.axf-axles.com\/es\/quienes-somos\/\"  class=\"clear btn btn-solid btn-hover-outline btn-rectangle white btn-hover-color btn-custom\"style=\"font-size:18px;padding: 20px 30px;\">Saber m\u00e1s<\/a><\/div><\/div><\/div><\/div><\/div>[\/vc_column][\/vc_row][vc_row full_width=\u00bbstretch_row\u00bb equal_height=\u00bbyes\u00bb content_placement=\u00bbmiddle\u00bb css=\u00bb.vc_custom_1550218902923{padding-top: 100px !important;padding-bottom: 100px !important;background-position: center !important;background-repeat: no-repeat !important;background-size: cover !important;}\u00bb][vc_column width=\u00bb1\/6&#8243; set_column_height=\u00bbyes\u00bb column_height=\u00bb540px\u00bb][\/vc_column][vc_column width=\u00bb2\/3&#8243; css=\u00bb.vc_custom_1550218894012{padding-top: 0px !important;padding-bottom: 0px !important;}\u00bb][vc_column_text css_animation=\u00bbfadeInUp\u00bb el_class=\u00bbmagenta-title\u00bb css=\u00bb.vc_custom_1581071780220{margin-bottom: 0px !important;padding-bottom: 0px !important;}\u00bb]<\/p>\n<h2 style=\"text-align: center;\">AXF Axles by FRENCO<\/h2>\n<p>[\/vc_column_text][vc_separator color=\u00bbblack\u00bb border_width=\u00bb2&#8243; el_width=\u00bb10&#8243; css_animation=\u00bbfadeInUp\u00bb][vc_column_text css_animation=\u00bbfadeInUp\u00bb]AXF es el departamento de FRENCO dedicado a los ejes de suspensi\u00f3n de caucho y los sistemas de freno. Naci\u00f3 en 2010 como consecuencia de la exigencia de diversificar la producci\u00f3n de la casa matriz. AXF puede contar con los cincuenta a\u00f1os de experiencia de FRENCO, una empresa l\u00edder en la fabricaci\u00f3n de zapatas de freno y masas de frenado. Gracias a las competencias adquiridas, actualmente AXF es capaz de desarrollar y fabricar ejes con y sin freno de suspensi\u00f3n de caucho con mando de inercia, enganches esf\u00e9ricos y timones para el sector de los remolques ligeros de transporte por carretera.[\/vc_column_text]<div class=\"pix_button clear button-center\"><a href=\"http:\/\/www.axf-axles.com\/es\/quienes-somos\/\" title=\"QUI\u00c9NES SOMOS\"  class=\"btn btn-outline btn-rectangle  btn-md  \">SABER M\u00c1S<\/a><\/div>[\/vc_column][vc_column width=\u00bb1\/6&#8243;][\/vc_column][\/vc_row][vc_row full_width=\u00bbstretch_row_content_no_spaces\u00bb content_placement=\u00bbmiddle\u00bb css=\u00bb.vc_custom_1581676865028{padding-top: 0px !important;padding-bottom: 0px !important;}\u00bb][vc_column color_style=\u00bblight\u00bb width=\u00bb1\/6&#8243; el_class=\u00bbhome-product-box\u00bb][vc_row_inner][vc_column_inner][vc_single_image image=\u00bb1312&#8243; img_size=\u00bbfull\u00bb alignment=\u00bbcenter\u00bb css=\u00bb.vc_custom_1581677104477{margin-bottom: 0px !important;}\u00bb][vc_column_text]<\/p>\n<p style=\"text-align: center;\"><strong>EJES Y SEMIEJES<\/strong><\/p>\n<p>[\/vc_column_text][\/vc_column_inner][\/vc_row_inner][vc_row_inner el_class=\u00bbbox-hover\u00bb][vc_column_inner][vc_column_text]<\/p>\n<p style=\"text-align: center;\"><strong>EJES Y SEMIEJES<\/strong><\/p>\n<p>[\/vc_column_text][vc_column_text]<\/p>\n<p style=\"text-align: center;\">AXF fabrica ejes y semiejes de suspensi\u00f3n de caucho con y sin freno de distintas capacidades y disponibles con muchos anclajes de rueda.<\/p>\n<p>[\/vc_column_text]<div class=\"pix_button clear button-center\"><a href=\"http:\/\/www.axf-axles.com\/es\/productos\/ejes-y-semiejes\/\" title=\"EJES Y SEMIEJES\"  class=\"btn btn-outline btn-rectangle  btn-md white \">Saber m\u00e1s<\/a><\/div>[\/vc_column_inner][\/vc_row_inner][\/vc_column][vc_column color_style=\u00bblight\u00bb width=\u00bb1\/6&#8243; el_class=\u00bbhome-product-box\u00bb][vc_row_inner][vc_column_inner][vc_single_image image=\u00bb1324&#8243; img_size=\u00bbfull\u00bb alignment=\u00bbcenter\u00bb css=\u00bb.vc_custom_1581677255866{margin-bottom: 0px !important;}\u00bb][vc_column_text]<\/p>\n<p style=\"text-align: center;\"><strong>ENGANCHES DE INERCIA<\/strong><\/p>\n<p>[\/vc_column_text][\/vc_column_inner][\/vc_row_inner][vc_row_inner el_class=\u00bbbox-hover\u00bb][vc_column_inner][vc_column_text]<\/p>\n<p style=\"text-align: center;\"><strong>ENGANCHES DE INERCIA<\/strong><\/p>\n<p>[\/vc_column_text][vc_column_text]<\/p>\n<p style=\"text-align: center;\">Los enganches forman parte integrante del sistema de frenado de inercia del remolque. La gama AXF est\u00e1 formada por la versi\u00f3n \u201cRECTO\u201d y \u201cV\u201d, todos ellos homologados y galvanizados en caliente.<\/p>\n<p>[\/vc_column_text]<div class=\"pix_button clear button-center\"><a href=\"http:\/\/www.axf-axles.com\/es\/productos\/enganches-de-inercia\/\" title=\"Enganches de inercia\"  class=\"btn btn-outline btn-rectangle  btn-md white \">Saber m\u00e1s<\/a><\/div>[\/vc_column_inner][\/vc_row_inner][\/vc_column][vc_column color_style=\u00bblight\u00bb width=\u00bb1\/6&#8243; el_class=\u00bbhome-product-box\u00bb][vc_row_inner][vc_column_inner][vc_single_image image=\u00bb1316&#8243; img_size=\u00bbfull\u00bb alignment=\u00bbcenter\u00bb css=\u00bb.vc_custom_1581677243525{margin-bottom: 0px !important;}\u00bb][vc_column_text]<\/p>\n<p style=\"text-align: center;\"><strong>CABEZAS DE ENGANCHE<\/strong><\/p>\n<p>[\/vc_column_text][\/vc_column_inner][\/vc_row_inner][vc_row_inner el_class=\u00bbbox-hover\u00bb][vc_column_inner][vc_column_text]<\/p>\n<p style=\"text-align: center;\"><strong>CABEZAS DE ENGANCHE<\/strong><\/p>\n<p>[\/vc_column_text][vc_column_text]<\/p>\n<p style=\"text-align: center;\">Todas las CABEZAS DE ENGANCHE AXF cuentan con la homologaci\u00f3n de clase b50-x con anclaje cuadrado (50\/60 mm) o redondo (\u00d835 \u2013 \u00d850 mm).<\/p>\n<p>[\/vc_column_text]<div class=\"pix_button clear button-center\"><a href=\"http:\/\/www.axf-axles.com\/es\/productos\/cabezas-de-enganche\/\" title=\"Cabezas de enganche\"  class=\"btn btn-outline btn-rectangle  btn-md white \">Saber m\u00e1s<\/a><\/div>[\/vc_column_inner][\/vc_row_inner][\/vc_column][vc_column color_style=\u00bblight\u00bb width=\u00bb1\/6&#8243; el_class=\u00bbhome-product-box\u00bb][vc_row_inner][vc_column_inner][vc_single_image image=\u00bb1320&#8243; img_size=\u00bbfull\u00bb alignment=\u00bbcenter\u00bb css=\u00bb.vc_custom_1581677268025{margin-bottom: 0px !important;}\u00bb][vc_column_text]<\/p>\n<p style=\"text-align: center;\"><strong>KIT DE SIRGAS DE FRENO<\/strong><\/p>\n<p>[\/vc_column_text][\/vc_column_inner][\/vc_row_inner][vc_row_inner el_class=\u00bbbox-hover\u00bb][vc_column_inner][vc_column_text]<\/p>\n<p style=\"text-align: center;\"><strong>KIT DE SIRGAS DE FRENO<\/strong><\/p>\n<p>[\/vc_column_text][vc_column_text]<\/p>\n<p style=\"text-align: center;\">Disponibles de distintas longitudes tanto de un solo eje como en t\u00e1ndem.<\/p>\n<p>[\/vc_column_text]<div class=\"pix_button clear button-center\"><a href=\"http:\/\/www.axf-axles.com\/es\/productos\/kit-de-sirgas-de-freno\/\" title=\"Kit de sirgas de freno\"  class=\"btn btn-outline btn-rectangle  btn-md white \">Saber m\u00e1s<\/a><\/div>[\/vc_column_inner][\/vc_row_inner][\/vc_column][vc_column color_style=\u00bblight\u00bb width=\u00bb1\/6&#8243; el_class=\u00bbhome-product-box\u00bb][vc_row_inner][vc_column_inner][vc_single_image image=\u00bb1328&#8243; img_size=\u00bbfull\u00bb alignment=\u00bbcenter\u00bb css=\u00bb.vc_custom_1581677279753{margin-bottom: 0px !important;}\u00bb][vc_column_text]<\/p>\n<p style=\"text-align: center;\"><strong>RUEDAS JOCKEY Y BRIDAS PARA APOYOS<\/strong><\/p>\n<p>[\/vc_column_text][\/vc_column_inner][\/vc_row_inner][vc_row_inner el_class=\u00bbbox-hover\u00bb][vc_column_inner][vc_column_text]<\/p>\n<p style=\"text-align: center;\"><strong>RUEDAS JOCKEY Y BRIDAS PARA APOYOS<\/strong><\/p>\n<p>[\/vc_column_text][vc_column_text]<\/p>\n<p style=\"text-align: center;\">AXF puede suministrar ruedas con las correspondientes bridas \u00f848 \u00f860.<\/p>\n<p>[\/vc_column_text]<div class=\"pix_button clear button-center\"><a href=\"http:\/\/www.axf-axles.com\/es\/productos\/ruedas-jockey-y-bridas-para-apoyos\/\" title=\"Ruedas jockey y bridas para apoyos\"  class=\"btn btn-outline btn-rectangle  btn-md white \">Saber m\u00e1s<\/a><\/div>[\/vc_column_inner][\/vc_row_inner][\/vc_column][vc_column color_style=\u00bblight\u00bb width=\u00bb1\/6&#8243; el_class=\u00bbhome-product-box\u00bb][vc_row_inner][vc_column_inner][vc_single_image image=\u00bb1500&#8243; img_size=\u00bbfull\u00bb alignment=\u00bbcenter\u00bb][vc_column_text]<\/p>\n<p style=\"text-align: center;\"><strong>ATAQUE RUEDAS (P.C.D.)<br \/>\nY BRIDAS EJES<\/strong><\/p>\n<p>[\/vc_column_text][\/vc_column_inner][\/vc_row_inner][vc_row_inner el_class=\u00bbbox-hover\u00bb][vc_column_inner][vc_column_text]<\/p>\n<p style=\"text-align: center;\"><strong>ATAQUE RUEDAS (P.C.D.)<\/strong><br \/>\n<strong>Y BRIDAS EJES<\/strong><\/p>\n<p>[\/vc_column_text][vc_column_text][\/vc_column_text]<div class=\"pix_button clear button-center\"><a href=\"http:\/\/www.axf-axles.com\/es\/productos\/ataque-rueda\/\" title=\"Ataque rueda (P.C.D.)\"  class=\"btn btn-outline btn-rectangle  btn-md white \">Saber m\u00e1s<\/a><\/div>[\/vc_column_inner][\/vc_row_inner][\/vc_column][\/vc_row][vc_row full_width=\u00bbstretch_row\u00bb equal_height=\u00bbyes\u00bb content_placement=\u00bbmiddle\u00bb css=\u00bb.vc_custom_1581676933227{padding-top: 60px !important;padding-bottom: 60px !important;background-color: #f7f6f4 !important;background-position: center !important;background-repeat: no-repeat !important;background-size: cover !important;}\u00bb][vc_column width=\u00bb1\/6&#8243; set_column_height=\u00bbyes\u00bb column_height=\u00bb540px\u00bb][\/vc_column][vc_column width=\u00bb2\/3&#8243; css=\u00bb.vc_custom_1550218894012{padding-top: 0px !important;padding-bottom: 0px !important;}\u00bb][vc_column_text css_animation=\u00bbfadeInUp\u00bb el_class=\u00bbmagenta-title\u00bb css=\u00bb.vc_custom_1596440397139{margin-bottom: 0px !important;padding-bottom: 0px !important;}\u00bb]<\/p>\n<h2 style=\"text-align: center;\">Servicios<\/h2>\n<p>[\/vc_column_text][vc_separator color=\u00bbblack\u00bb border_width=\u00bb2&#8243; el_width=\u00bb10&#8243; css_animation=\u00bbfadeInUp\u00bb][vc_row_inner][vc_column_inner width=\u00bb1\/3&#8243;][vc_single_image image=\u00bb1272&#8243; img_size=\u00bbfull\u00bb alignment=\u00bbcenter\u00bb css=\u00bb.vc_custom_1581325110367{margin-bottom: 0px !important;}\u00bb][vc_separator color=\u00bbblack\u00bb border_width=\u00bb2&#8243; el_width=\u00bb30&#8243; css_animation=\u00bbfadeInUp\u00bb css=\u00bb.vc_custom_1549968677858{margin-top: 20px !important;margin-bottom: 20px !important;}\u00bb][vc_column_text el_class=\u00bbrnd-box\u00bb]<\/p>\n<p style=\"text-align: center;\"><strong>PERSONALIZACI\u00d3N<\/strong><\/p>\n<p>[\/vc_column_text][\/vc_column_inner][vc_column_inner width=\u00bb1\/3&#8243;][vc_single_image image=\u00bb1268&#8243; img_size=\u00bbfull\u00bb alignment=\u00bbcenter\u00bb css=\u00bb.vc_custom_1581325117527{margin-bottom: 0px !important;}\u00bb][vc_separator color=\u00bbblack\u00bb border_width=\u00bb2&#8243; el_width=\u00bb30&#8243; css_animation=\u00bbfadeInUp\u00bb css=\u00bb.vc_custom_1549969285933{margin-top: 20px !important;margin-bottom: 20px !important;}\u00bb][vc_column_text el_class=\u00bbrnd-box\u00bb]<\/p>\n<p style=\"text-align: center;\"><strong>CONTROL DE CALIDAD<\/strong><\/p>\n<p>[\/vc_column_text][\/vc_column_inner][vc_column_inner width=\u00bb1\/3&#8243;][vc_single_image image=\u00bb1264&#8243; img_size=\u00bbfull\u00bb alignment=\u00bbcenter\u00bb css=\u00bb.vc_custom_1581325124455{margin-bottom: 0px !important;}\u00bb][vc_separator color=\u00bbblack\u00bb border_width=\u00bb2&#8243; el_width=\u00bb30&#8243; css_animation=\u00bbfadeInUp\u00bb css=\u00bb.vc_custom_1549968823100{margin-top: 20px !important;margin-bottom: 20px !important;}\u00bb][vc_column_text el_class=\u00bbrnd-box\u00bb]<\/p>\n<p style=\"text-align: center;\"><strong>ASISTENCIA<\/strong><\/p>\n<p>[\/vc_column_text][\/vc_column_inner][\/vc_row_inner][\/vc_column][vc_column width=\u00bb1\/6&#8243;][\/vc_column][\/vc_row][vc_row full_width=\u00bbstretch_row\u00bb equal_height=\u00bbyes\u00bb content_placement=\u00bbmiddle\u00bb css=\u00bb.vc_custom_1581322557879{padding-top: 25px !important;padding-bottom: 60px !important;background-color: #e2211c !important;background-position: center !important;background-repeat: no-repeat !important;background-size: cover !important;}\u00bb el_class=\u00bbfooter-cta\u00bb][vc_column width=\u00bb1\/6&#8243;][\/vc_column][vc_column color_style=\u00bblight\u00bb width=\u00bb6\/12&#8243;][vc_column_text]<strong>THINK AXLES <span style=\"color: #fff;\">TALK MORE<\/span><\/strong><br \/>\nDescubre sin compromiso nuestras soluciones seg\u00fan tus necesidades.[\/vc_column_text][\/vc_column][vc_column width=\u00bb1\/6&#8243;]<div class=\"pix_button clear button-center\"><a href=\"http:\/\/www.axf-axles.com\/es\/contacto\/\" title=\"Contacto\"  class=\"btn btn-outline btn-rectangle  btn-md colorbtn rounded-btn\">PONTE EN CONTACTO CON NOSOTROS<\/a><\/div>[\/vc_column][vc_column width=\u00bb1\/6&#8243;][\/vc_column][\/vc_row][vc_row full_width=\u00bbstretch_row_content_no_spaces\u00bb content_placement=\u00bbmiddle\u00bb color_style=\u00bblight\u00bb css=\u00bb.vc_custom_1581323172609{padding-top: 30px !important;padding-bottom: 30px !important;background-image: url(http:\/\/www.axf-axles.com\/wp-content\/uploads\/2020\/02\/frenco-bg.jpg?id=1253) !important;background-position: center !important;background-repeat: no-repeat !important;background-size: cover !important;}\u00bb][vc_column width=\u00bb1\/12&#8243;][\/vc_column][vc_column color_style=\u00bblight\u00bb width=\u00bb10\/12&#8243; css=\u00bb.vc_custom_1550219747001{margin-bottom: 0px !important;padding-top: 0px !important;padding-bottom: 0px !important;}\u00bb el_class=\u00bbaxf-cta\u00bb]<div class=\" size-md align-center clearfix \"  ><h2 class=\"main-title title uppercase sub-title-con \" style=\"font-family: 'Lato', san-serif;font-size: 62px;font-style: normal;font-weight: 700;\">FRENCO<\/h2><p class=\"sub-title\" style=\"font-family: 'Lato', san-serif;font-size: 62px;font-style: normal;font-weight: 700;\">brake shoes without brakes<\/p><\/div>[vc_column_text]<\/p>\n<p style=\"text-align: center;\">Con m\u00e1s de 50 a\u00f1os de experiencia, FRENCO es l\u00edder en la producci\u00f3n de zapatas de freno y masas de frenado que equipan ejes para remolques agr\u00edcolas y remolques ligeros de transporte por carretera.<br \/>\nAdem\u00e1s FRENCO est\u00e1 especializada en el encolado de material de fricci\u00f3n para fabricar embragues y sistemas de frenado de distintos tipos.<\/p>\n<p>[\/vc_column_text]<div class=\"pix_button clear button-center\"><a href=\"https:\/\/www.frenco-italy.com\/\" title=\"\"  target=\" _blank\" class=\"btn btn-solid btn-rectangle  btn-md white \">DESCUBRE FRENCO<\/a><\/div>[\/vc_column][vc_column width=\u00bb1\/12&#8243;][\/vc_column][\/vc_row]<\/p>\n","protected":false},"excerpt":{"rendered":"<p>[vc_row full_width=\u00bbstretch_row_content_no_spaces\u00bb css=\u00bb.vc_custom_1550218959086{padding-top: 0px !important;padding-bottom: 0px !important;}\u00bb el_class=\u00bbhome-slider\u00bb][vc_column][\/vc_column][\/vc_row][vc_row full_width=\u00bbstretch_row\u00bb equal_height=\u00bbyes\u00bb content_placement=\u00bbmiddle\u00bb css=\u00bb.vc_custom_1550218902923{padding-top: 100px !important;padding-bottom: 100px !important;background-position: center !important;background-repeat: no-repeat !important;background-size: cover !important;}\u00bb][vc_column width=\u00bb1\/6&#8243; set_column_height=\u00bbyes\u00bb column_height=\u00bb540px\u00bb][\/vc_column][vc_column width=\u00bb2\/3&#8243; css=\u00bb.vc_custom_1550218894012{padding-top: 0px !important;padding-bottom: 0px !important;}\u00bb][vc_column_text css_animation=\u00bbfadeInUp\u00bb el_class=\u00bbmagenta-title\u00bb css=\u00bb.vc_custom_1581071780220{margin-bottom: 0px !important;padding-bottom: 0px !important;}\u00bb] AXF Axles&#8230;<\/p>\n","protected":false},"author":1,"featured_media":0,"parent":0,"menu_order":0,"comment_status":"closed","ping_status":"closed","template":"","meta":[],"_links":{"self":[{"href":"https:\/\/www.axf-axles.com\/es\/wp-json\/wp\/v2\/pages\/1910"}],"collection":[{"href":"https:\/\/www.axf-axles.com\/es\/wp-json\/wp\/v2\/pages"}],"about":[{"href":"https:\/\/www.axf-axles.com\/es\/wp-json\/wp\/v2\/types\/page"}],"author":[{"embeddable":true,"href":"https:\/\/www.axf-axles.com\/es\/wp-json\/wp\/v2\/users\/1"}],"replies":[{"embeddable":true,"href":"https:\/\/www.axf-axles.com\/es\/wp-json\/wp\/v2\/comments?post=1910"}],"version-history":[{"count":9,"href":"https:\/\/www.axf-axles.com\/es\/wp-json\/wp\/v2\/pages\/1910\/revisions"}],"predecessor-version":[{"id":2283,"href":"https:\/\/www.axf-axles.com\/es\/wp-json\/wp\/v2\/pages\/1910\/revisions\/2283"}],"wp:attachment":[{"href":"https:\/\/www.axf-axles.com\/es\/wp-json\/wp\/v2\/media?parent=1910"}],"curies":[{"name":"wp","href":"https:\/\/api.w.org\/{rel}","templated":true}]}}