{"id":1928,"date":"2019-02-12T11:00:14","date_gmt":"2019-02-12T10:00:14","guid":{"rendered":"http:\/\/www.axf-axles.com\/chi-siamo\/"},"modified":"2022-11-24T12:35:45","modified_gmt":"2022-11-24T11:35:45","slug":"quienes-somos","status":"publish","type":"page","link":"https:\/\/www.axf-axles.com\/es\/quienes-somos\/","title":{"rendered":"Qui\u00e9nes somos"},"content":{"rendered":"<p>[vc_row full_width=\u00bbstretch_row_content_no_spaces\u00bb content_placement=\u00bbmiddle\u00bb color_style=\u00bblight\u00bb css=\u00bb.vc_custom_1591608704213{padding-top: 150px !important;padding-bottom: 90px !important;background-image: url(http:\/\/www.axf-axles.com\/wp-content\/uploads\/2020\/06\/header_02-1.jpg?id=1629) !important;background-position: center !important;background-repeat: no-repeat !important;background-size: cover !important;}\u00bb el_class=\u00bbcircle-header\u00bb][vc_column width=\u00bb1\/6&#8243;][\/vc_column][vc_column width=\u00bb2\/3&#8243;]<div class=\" size-sm align-center clearfix  pix-animate-cre\" data-trans=\"fadeInUp\"  data-duration=\"\"  data-delay=\"\"><h1 class=\"main-title title \" style=\"font-size: 60px; \">Qui\u00e9nes somos<\/h1><\/div>[\/vc_column][vc_column width=\u00bb1\/6&#8243;][\/vc_column][\/vc_row][vc_row full_width=\u00bbstretch_row\u00bb equal_height=\u00bbyes\u00bb content_placement=\u00bbmiddle\u00bb css=\u00bb.vc_custom_1549962263854{padding-top: 60px !important;padding-bottom: 0px !important;background-position: center !important;background-repeat: no-repeat !important;background-size: cover !important;}\u00bb][vc_column width=\u00bb1\/12&#8243; set_column_height=\u00bbyes\u00bb column_height=\u00bb540px\u00bb][\/vc_column][vc_column width=\u00bb10\/12&#8243; css=\u00bb.vc_custom_1550482221448{padding-bottom: 15px !important;}\u00bb][vc_column_text css_animation=\u00bbfadeInUp\u00bb el_class=\u00bbmagenta-title\u00bb]<\/p>\n<h1 style=\"text-align: center;\">Qui\u00e9nes somos<\/h1>\n<p>[\/vc_column_text][vc_separator color=\u00bbblack\u00bb border_width=\u00bb2&#8243; el_width=\u00bb10&#8243; css_animation=\u00bbfadeInUp\u00bb][vc_column_text css_animation=\u00bbfadeInUp\u00bb]AXF desde 2010 es el departamento de torsi\u00f3n de FRENCO Srl. Esta rama de empresa est\u00e1 especializada en la producci\u00f3n de ejes de suspensi\u00f3n de caucho, sistemas de freno y enganches para remolques ligeros (con masa de carga plena de hasta 3.500 kg) destinados principalmente al sector de velocidad. Sectores de aplicaci\u00f3n: remolques para el transporte de mercanc\u00edas, embarcaciones, veh\u00edculos, animales y otras aplicaciones en el campo agr\u00edcola, de los astilleros y aeroportuario.<br \/>\nAXF nace de la experiencia consolidada de FRENCO, conocida por la producci\u00f3n de zapatas de freno y masas de frenado y el encolado de material de fricci\u00f3n para el sector agr\u00edcola e industrial.<br \/>\nEl equipo de la empresa, sumamente cualificado, goza de una larga y demostrada experiencia profesional.<br \/>\nLa mejora continua de los procesos de producci\u00f3n, la innovaci\u00f3n del producto, la producci\u00f3n con arreglo a las normativas del sector y la calidad son s\u00f3lo algunos de los puntos clave de la filosof\u00eda de la empresa. Una calidad que se traduce en atenci\u00f3n al cliente y a sus exigencias espec\u00edficas.<br \/>\nEl departamento de Atenci\u00f3n al Cliente facilita una asistencia constante en cualquier fase de la relaci\u00f3n con el cliente. En el mercado para competir a nivel internacional con: calidad, competencia y pasi\u00f3n.[\/vc_column_text][vc_single_image image=\u00bb79&#8243; img_size=\u00bbfull\u00bb alignment=\u00bbcenter\u00bb onclick=\u00bbcustom_link\u00bb img_link_target=\u00bb_blank\u00bb link=\u00bbhttps:\/\/www.axf-axles.com\/wp-content\/uploads\/2022\/11\/AXF-FRENCO-catalogo-rev4-Ott2022-ITA-ESP-web.pdf\u00bb][vc_column_text css_animation=\u00bbfadeInUp\u00bb]<\/p>\n<p style=\"text-align: center;\"><a href=\"https:\/\/www.axf-axles.com\/wp-content\/uploads\/2022\/11\/AXF-FRENCO-catalogo-rev4-Ott2022-ITA-ESP-web.pdf\">Descarga el catalogo<\/a><\/p>\n<p>[\/vc_column_text][\/vc_column][vc_column width=\u00bb1\/12&#8243;][\/vc_column][\/vc_row][vc_row full_width=\u00bbstretch_row\u00bb equal_height=\u00bbyes\u00bb content_placement=\u00bbmiddle\u00bb css=\u00bb.vc_custom_1581322557879{padding-top: 25px !important;padding-bottom: 60px !important;background-color: #e2211c !important;background-position: center !important;background-repeat: no-repeat !important;background-size: cover !important;}\u00bb el_class=\u00bbfooter-cta\u00bb][vc_column width=\u00bb1\/6&#8243;][\/vc_column][vc_column color_style=\u00bblight\u00bb width=\u00bb6\/12&#8243;][vc_column_text]<strong>THINK AXLES <span style=\"color: #fff;\">TALK MORE<\/span><\/strong><br \/>\nDescubre sin compromiso nuestras soluciones seg\u00fan tus necesidades.[\/vc_column_text][\/vc_column][vc_column width=\u00bb1\/6&#8243;]<div class=\"pix_button clear button-center\"><a href=\"http:\/\/www.axf-axles.com\/es\/contacto\/\" title=\"Contacto\"  class=\"btn btn-outline btn-rectangle  btn-md colorbtn rounded-btn\">PONTE EN CONTACTO CON NOSOTROS<\/a><\/div>[\/vc_column][vc_column width=\u00bb1\/6&#8243;][\/vc_column][\/vc_row]<\/p>\n","protected":false},"excerpt":{"rendered":"<p>[vc_row full_width=\u00bbstretch_row_content_no_spaces\u00bb content_placement=\u00bbmiddle\u00bb color_style=\u00bblight\u00bb css=\u00bb.vc_custom_1591608704213{padding-top: 150px !important;padding-bottom: 90px !important;background-image: url(http:\/\/www.axf-axles.com\/wp-content\/uploads\/2020\/06\/header_02-1.jpg?id=1629) !important;background-position: center !important;background-repeat: no-repeat !important;background-size: cover !important;}\u00bb el_class=\u00bbcircle-header\u00bb][vc_column width=\u00bb1\/6&#8243;][\/vc_column][vc_column width=\u00bb2\/3&#8243;][\/vc_column][vc_column width=\u00bb1\/6&#8243;][\/vc_column][\/vc_row][vc_row full_width=\u00bbstretch_row\u00bb equal_height=\u00bbyes\u00bb content_placement=\u00bbmiddle\u00bb css=\u00bb.vc_custom_1549962263854{padding-top: 60px !important;padding-bottom: 0px !important;background-position: center !important;background-repeat: no-repeat !important;background-size: cover !important;}\u00bb][vc_column width=\u00bb1\/12&#8243; set_column_height=\u00bbyes\u00bb column_height=\u00bb540px\u00bb][\/vc_column][vc_column width=\u00bb10\/12&#8243; css=\u00bb.vc_custom_1550482221448{padding-bottom:&#8230;<\/p>\n","protected":false},"author":1,"featured_media":0,"parent":0,"menu_order":0,"comment_status":"closed","ping_status":"closed","template":"","meta":[],"_links":{"self":[{"href":"https:\/\/www.axf-axles.com\/es\/wp-json\/wp\/v2\/pages\/1928"}],"collection":[{"href":"https:\/\/www.axf-axles.com\/es\/wp-json\/wp\/v2\/pages"}],"about":[{"href":"https:\/\/www.axf-axles.com\/es\/wp-json\/wp\/v2\/types\/page"}],"author":[{"embeddable":true,"href":"https:\/\/www.axf-axles.com\/es\/wp-json\/wp\/v2\/users\/1"}],"replies":[{"embeddable":true,"href":"https:\/\/www.axf-axles.com\/es\/wp-json\/wp\/v2\/comments?post=1928"}],"version-history":[{"count":9,"href":"https:\/\/www.axf-axles.com\/es\/wp-json\/wp\/v2\/pages\/1928\/revisions"}],"predecessor-version":[{"id":2566,"href":"https:\/\/www.axf-axles.com\/es\/wp-json\/wp\/v2\/pages\/1928\/revisions\/2566"}],"wp:attachment":[{"href":"https:\/\/www.axf-axles.com\/es\/wp-json\/wp\/v2\/media?parent=1928"}],"curies":[{"name":"wp","href":"https:\/\/api.w.org\/{rel}","templated":true}]}}