{"id":1969,"date":"2020-02-18T11:22:08","date_gmt":"2020-02-18T10:22:08","guid":{"rendered":"http:\/\/www.axf-axles.com\/productos\/repulsori\/"},"modified":"2020-08-03T17:38:00","modified_gmt":"2020-08-03T15:38:00","slug":"enganches-de-inercia","status":"publish","type":"page","link":"https:\/\/www.axf-axles.com\/es\/productos\/enganches-de-inercia\/","title":{"rendered":"Enganches de inercia"},"content":{"rendered":"<p>[vc_row full_width=\u00bbstretch_row_content_no_spaces\u00bb content_placement=\u00bbmiddle\u00bb color_style=\u00bblight\u00bb css=\u00bb.vc_custom_1591620373153{padding-top: 150px !important;padding-bottom: 90px !important;background-image: url(http:\/\/www.axf-axles.com\/wp-content\/uploads\/2020\/06\/header_02-1.jpg?id=1629) !important;background-position: center !important;background-repeat: no-repeat !important;background-size: cover !important;}\u00bb el_class=\u00bbcircle-header\u00bb][vc_column width=\u00bb1\/6&#8243;][\/vc_column][vc_column width=\u00bb2\/3&#8243;]<div class=\" size-sm align-center clearfix  pix-animate-cre\" data-trans=\"fadeInUp\"  data-duration=\"\"  data-delay=\"\"><h1 class=\"main-title title \" style=\"font-size: 60px; \">Enganches de inercia<\/h1><\/div>[\/vc_column][vc_column width=\u00bb1\/6&#8243;][\/vc_column][\/vc_row][vc_row full_width=\u00bbstretch_row\u00bb equal_height=\u00bbyes\u00bb content_placement=\u00bbmiddle\u00bb css=\u00bb.vc_custom_1549962263854{padding-top: 60px !important;padding-bottom: 0px !important;background-position: center !important;background-repeat: no-repeat !important;background-size: cover !important;}\u00bb][vc_column width=\u00bb1\/12&#8243; set_column_height=\u00bbyes\u00bb column_height=\u00bb540px\u00bb][\/vc_column][vc_column width=\u00bb10\/12&#8243; css=\u00bb.vc_custom_1550482221448{padding-bottom: 15px !important;}\u00bb][vc_column_text css_animation=\u00bbfadeInUp\u00bb el_class=\u00bbmagenta-title\u00bb]<\/p>\n<h1 style=\"text-align: center;\">Enganches de inercia<\/h1>\n<p>[\/vc_column_text][vc_separator color=\u00bbblack\u00bb border_width=\u00bb2&#8243; el_width=\u00bb10&#8243; css_animation=\u00bbfadeInUp\u00bb][vc_column_text css_animation=\u00bbfadeInUp\u00bb]El componente fundamental para un frenado correcto y adecuado con mando de inercia de los remolques, aparte de los frenos, es el enganche.<br \/>\nLa seguridad de la frenada y el funcionamiento del accionamiento los garantiza la compatibilidad entre los frenos y los enganches. Tal como sugieren las normativas del sector, es aconsejable comprar al mismo fabricante el sistema de frenado completo.<\/p>\n<p>Seg\u00fan la modalidad de anclaje al chasis del remolque, los enganches se diferencian en enganches \u201cRECTO\u201d y enganches \u201cV\u201d. Ambos tipos de anclaje est\u00e1n disponibles en la versi\u00f3n ligera para capacidades de hasta 1.500 kg y en la versi\u00f3n pesada hasta 2.800 kg.[\/vc_column_text][vc_tta_accordion shape=\u00bbsquare\u00bb active_section=\u00bb1&#8243; no_fill=\u00bbtrue\u00bb][vc_tta_section title=\u00bbEnganches de inercia recto\u00bb tab_id=\u00bbrepulsore-quadro\u00bb][vc_single_image image=\u00bb1535&#8243; img_size=\u00bbfull\u00bb alignment=\u00bbcenter\u00bb][vc_raw_html]JTVCdGFibGUlMjBpZCUzRDMwJTIwJTJGJTVE[\/vc_raw_html][vc_column_text]<a href=\"http:\/\/www.axf-axles.com\/es\/contacto\/\">Cont\u00e1ctenos para obtener m\u00e1s informaci\u00f3n sobre aprobaciones e informes de prueba<\/a>[\/vc_column_text][\/vc_tta_section][vc_tta_section title=\u00bbEnganches de inercia en \u00abV\u00ab\u00bb tab_id=\u00bbrepulsore-v\u00bb][vc_single_image image=\u00bb1753&#8243; img_size=\u00bbfull\u00bb alignment=\u00bbcenter\u00bb][vc_raw_html]JTVCdGFibGUlMjBpZCUzRDMxJTIwJTJGJTVE[\/vc_raw_html][vc_column_text]<a href=\"http:\/\/www.axf-axles.com\/es\/contacto\/\">Cont\u00e1ctenos para obtener m\u00e1s informaci\u00f3n sobre aprobaciones e informes de prueba<\/a>[\/vc_column_text][\/vc_tta_section][\/vc_tta_accordion][\/vc_column][vc_column width=\u00bb1\/12&#8243;][\/vc_column][\/vc_row][vc_row full_width=\u00bbstretch_row\u00bb equal_height=\u00bbyes\u00bb content_placement=\u00bbmiddle\u00bb css=\u00bb.vc_custom_1581322557879{padding-top: 25px !important;padding-bottom: 60px !important;background-color: #e2211c !important;background-position: center !important;background-repeat: no-repeat !important;background-size: cover !important;}\u00bb el_class=\u00bbfooter-cta\u00bb][vc_column width=\u00bb1\/6&#8243;][\/vc_column][vc_column color_style=\u00bblight\u00bb width=\u00bb6\/12&#8243;][vc_column_text]<strong>THINK AXLES <span style=\"color: #fff;\">TALK MORE<\/span><\/strong><br \/>\nDescubre sin compromiso nuestras soluciones seg\u00fan tus necesidades.[\/vc_column_text][\/vc_column][vc_column width=\u00bb1\/6&#8243;]<div class=\"pix_button clear button-center\"><a href=\"http:\/\/www.axf-axles.com\/es\/contacto\/\" title=\"Contacto\"  class=\"btn btn-outline btn-rectangle  btn-md colorbtn rounded-btn\">PONTE EN CONTACTO CON NOSOTROS<\/a><\/div>[\/vc_column][vc_column width=\u00bb1\/6&#8243;][\/vc_column][\/vc_row]<\/p>\n","protected":false},"excerpt":{"rendered":"<p>[vc_row full_width=\u00bbstretch_row_content_no_spaces\u00bb content_placement=\u00bbmiddle\u00bb color_style=\u00bblight\u00bb css=\u00bb.vc_custom_1591620373153{padding-top: 150px !important;padding-bottom: 90px !important;background-image: url(http:\/\/www.axf-axles.com\/wp-content\/uploads\/2020\/06\/header_02-1.jpg?id=1629) !important;background-position: center !important;background-repeat: no-repeat !important;background-size: cover !important;}\u00bb el_class=\u00bbcircle-header\u00bb][vc_column width=\u00bb1\/6&#8243;][\/vc_column][vc_column width=\u00bb2\/3&#8243;][\/vc_column][vc_column width=\u00bb1\/6&#8243;][\/vc_column][\/vc_row][vc_row full_width=\u00bbstretch_row\u00bb equal_height=\u00bbyes\u00bb content_placement=\u00bbmiddle\u00bb css=\u00bb.vc_custom_1549962263854{padding-top: 60px !important;padding-bottom: 0px !important;background-position: center !important;background-repeat: no-repeat !important;background-size: cover !important;}\u00bb][vc_column width=\u00bb1\/12&#8243; set_column_height=\u00bbyes\u00bb column_height=\u00bb540px\u00bb][\/vc_column][vc_column width=\u00bb10\/12&#8243; css=\u00bb.vc_custom_1550482221448{padding-bottom:&#8230;<\/p>\n","protected":false},"author":1,"featured_media":0,"parent":1952,"menu_order":0,"comment_status":"closed","ping_status":"closed","template":"","meta":[],"_links":{"self":[{"href":"https:\/\/www.axf-axles.com\/es\/wp-json\/wp\/v2\/pages\/1969"}],"collection":[{"href":"https:\/\/www.axf-axles.com\/es\/wp-json\/wp\/v2\/pages"}],"about":[{"href":"https:\/\/www.axf-axles.com\/es\/wp-json\/wp\/v2\/types\/page"}],"author":[{"embeddable":true,"href":"https:\/\/www.axf-axles.com\/es\/wp-json\/wp\/v2\/users\/1"}],"replies":[{"embeddable":true,"href":"https:\/\/www.axf-axles.com\/es\/wp-json\/wp\/v2\/comments?post=1969"}],"version-history":[{"count":5,"href":"https:\/\/www.axf-axles.com\/es\/wp-json\/wp\/v2\/pages\/1969\/revisions"}],"predecessor-version":[{"id":2142,"href":"https:\/\/www.axf-axles.com\/es\/wp-json\/wp\/v2\/pages\/1969\/revisions\/2142"}],"up":[{"embeddable":true,"href":"https:\/\/www.axf-axles.com\/es\/wp-json\/wp\/v2\/pages\/1952"}],"wp:attachment":[{"href":"https:\/\/www.axf-axles.com\/es\/wp-json\/wp\/v2\/media?parent=1969"}],"curies":[{"name":"wp","href":"https:\/\/api.w.org\/{rel}","templated":true}]}}