{"id":1977,"date":"2020-04-21T09:39:29","date_gmt":"2020-04-21T07:39:29","guid":{"rendered":"http:\/\/www.axf-axles.com\/productos\/cavi-freno\/"},"modified":"2020-08-03T17:48:27","modified_gmt":"2020-08-03T15:48:27","slug":"kit-de-sirgas-de-freno","status":"publish","type":"page","link":"https:\/\/www.axf-axles.com\/es\/productos\/kit-de-sirgas-de-freno\/","title":{"rendered":"Kit de sirgas de freno"},"content":{"rendered":"<p>[vc_row full_width=\u00bbstretch_row_content_no_spaces\u00bb content_placement=\u00bbmiddle\u00bb color_style=\u00bblight\u00bb css=\u00bb.vc_custom_1591620443987{padding-top: 150px !important;padding-bottom: 90px !important;background-image: url(http:\/\/www.axf-axles.com\/wp-content\/uploads\/2020\/06\/header_02-1.jpg?id=1629) !important;background-position: center !important;background-repeat: no-repeat !important;background-size: cover !important;}\u00bb el_class=\u00bbcircle-header\u00bb][vc_column width=\u00bb1\/6&#8243;][\/vc_column][vc_column width=\u00bb2\/3&#8243;]<div class=\" size-sm align-center clearfix  pix-animate-cre\" data-trans=\"fadeInUp\"  data-duration=\"\"  data-delay=\"\"><h1 class=\"main-title title \" style=\"font-size: 60px; \">Kit de sirgas de freno<\/h1><\/div>[\/vc_column][vc_column width=\u00bb1\/6&#8243;][\/vc_column][\/vc_row][vc_row full_width=\u00bbstretch_row\u00bb equal_height=\u00bbyes\u00bb content_placement=\u00bbmiddle\u00bb css=\u00bb.vc_custom_1549962263854{padding-top: 60px !important;padding-bottom: 0px !important;background-position: center !important;background-repeat: no-repeat !important;background-size: cover !important;}\u00bb][vc_column width=\u00bb1\/12&#8243; set_column_height=\u00bbyes\u00bb column_height=\u00bb540px\u00bb][\/vc_column][vc_column width=\u00bb10\/12&#8243; css=\u00bb.vc_custom_1550482221448{padding-bottom: 15px !important;}\u00bb][vc_column_text css_animation=\u00bbfadeInUp\u00bb el_class=\u00bbmagenta-title\u00bb]<\/p>\n<h1 style=\"text-align: center;\">Kit de sirgas de freno<\/h1>\n<p>[\/vc_column_text][vc_separator color=\u00bbblack\u00bb border_width=\u00bb2&#8243; el_width=\u00bb10&#8243; css_animation=\u00bbfadeInUp\u00bb][vc_column_text css_animation=\u00bbfadeInUp\u00bb]Dotados de balanc\u00edn los cables est\u00e1n disponibles de distintas longitudes tanto de un solo eje como en t\u00e1ndem.[\/vc_column_text][vc_tta_accordion shape=\u00bbsquare\u00bb active_section=\u00bb1&#8243; no_fill=\u00bbtrue\u00bb][vc_tta_section title=\u00bbSirgas de freno de un solo eje\u00bb tab_id=\u00bbcavi-freno-asse-singolo\u00bb][vc_single_image image=\u00bb1422&#8243; img_size=\u00bbfull\u00bb alignment=\u00bbcenter\u00bb][vc_raw_html]JTVCdGFibGUlMjBpZCUzRDMyJTIwJTJGJTVE[\/vc_raw_html][vc_column_text]Tutte le dimensioni sono in millimetri \/ Todas las medidas son en mil\u00edmetros<\/p>\n<p>1 &#8211; BILANCIERE &#8211; BALAC\u00cdN<br \/>\n2 &#8211; TIRANTE &#8211; SIRGA<br \/>\n3 &#8211; MEZZO CONO &#8211; SEMICONO[\/vc_column_text][\/vc_tta_section][vc_tta_section title=\u00bbSirgas de freno para ejes en t\u00e1ndem\u00bb tab_id=\u00bb1582542637762-14dc3470-654e\u00bb][vc_single_image image=\u00bb1432&#8243; img_size=\u00bbfull\u00bb alignment=\u00bbcenter\u00bb][vc_raw_html]JTVCdGFibGUlMjBpZCUzRDMzJTIwJTJGJTVE[\/vc_raw_html][vc_column_text]Tutte le dimensioni sono in millimetri \/ Todas las medidas son en mil\u00edmetros<\/p>\n<p>1\u00a0 \u00a0 \u00a0 &#8211;\u00a0 MEZZO CONO &#8211; SEMICONO<br \/>\n2\u00a0 \u00a0 \u00a0 &#8211;\u00a0 TIRANTE ANTERIORE &#8211; SIRGA DELANTERA<br \/>\n3,4\u00a0 &#8211;\u00a0 VITI DADI &#8211; TORNILLOS TUERCAS<br \/>\n5\u00a0 \u00a0 \u00a0 &#8211;\u00a0 BILANCIERE &#8211; BALAC\u00cdN<br \/>\n6\u00a0 \u00a0 \u00a0 &#8211;\u00a0 PIASTRA &#8211; PLACA<br \/>\n7\u00a0 \u00a0 \u00a0 &#8211;\u00a0 TIRANTE POSTERIORE &#8211; SIRGA TRASERA[\/vc_column_text][\/vc_tta_section][\/vc_tta_accordion][\/vc_column][vc_column width=\u00bb1\/12&#8243;][\/vc_column][\/vc_row][vc_row full_width=\u00bbstretch_row\u00bb equal_height=\u00bbyes\u00bb content_placement=\u00bbmiddle\u00bb css=\u00bb.vc_custom_1581322557879{padding-top: 25px !important;padding-bottom: 60px !important;background-color: #e2211c !important;background-position: center !important;background-repeat: no-repeat !important;background-size: cover !important;}\u00bb el_class=\u00bbfooter-cta\u00bb][vc_column width=\u00bb1\/6&#8243;][\/vc_column][vc_column color_style=\u00bblight\u00bb width=\u00bb6\/12&#8243;][vc_column_text]<strong>THINK AXLES <span style=\"color: #fff;\">TALK MORE<\/span><\/strong><br \/>\nDescubre sin compromiso nuestras soluciones seg\u00fan tus necesidades.[\/vc_column_text][\/vc_column][vc_column width=\u00bb1\/6&#8243;]<div class=\"pix_button clear button-center\"><a href=\"http:\/\/www.axf-axles.com\/es\/contacto\/\" title=\"Contacto\"  class=\"btn btn-outline btn-rectangle  btn-md colorbtn rounded-btn\">PONTE EN CONTACTO CON NOSOTROS<\/a><\/div>[\/vc_column][vc_column width=\u00bb1\/6&#8243;][\/vc_column][\/vc_row]<\/p>\n","protected":false},"excerpt":{"rendered":"<p>[vc_row full_width=\u00bbstretch_row_content_no_spaces\u00bb content_placement=\u00bbmiddle\u00bb color_style=\u00bblight\u00bb css=\u00bb.vc_custom_1591620443987{padding-top: 150px !important;padding-bottom: 90px !important;background-image: url(http:\/\/www.axf-axles.com\/wp-content\/uploads\/2020\/06\/header_02-1.jpg?id=1629) !important;background-position: center !important;background-repeat: no-repeat !important;background-size: cover !important;}\u00bb el_class=\u00bbcircle-header\u00bb][vc_column width=\u00bb1\/6&#8243;][\/vc_column][vc_column width=\u00bb2\/3&#8243;][\/vc_column][vc_column width=\u00bb1\/6&#8243;][\/vc_column][\/vc_row][vc_row full_width=\u00bbstretch_row\u00bb equal_height=\u00bbyes\u00bb content_placement=\u00bbmiddle\u00bb css=\u00bb.vc_custom_1549962263854{padding-top: 60px !important;padding-bottom: 0px !important;background-position: center !important;background-repeat: no-repeat !important;background-size: cover !important;}\u00bb][vc_column width=\u00bb1\/12&#8243; set_column_height=\u00bbyes\u00bb column_height=\u00bb540px\u00bb][\/vc_column][vc_column width=\u00bb10\/12&#8243; css=\u00bb.vc_custom_1550482221448{padding-bottom:&#8230;<\/p>\n","protected":false},"author":2,"featured_media":0,"parent":1952,"menu_order":0,"comment_status":"closed","ping_status":"closed","template":"","meta":[],"_links":{"self":[{"href":"https:\/\/www.axf-axles.com\/es\/wp-json\/wp\/v2\/pages\/1977"}],"collection":[{"href":"https:\/\/www.axf-axles.com\/es\/wp-json\/wp\/v2\/pages"}],"about":[{"href":"https:\/\/www.axf-axles.com\/es\/wp-json\/wp\/v2\/types\/page"}],"author":[{"embeddable":true,"href":"https:\/\/www.axf-axles.com\/es\/wp-json\/wp\/v2\/users\/2"}],"replies":[{"embeddable":true,"href":"https:\/\/www.axf-axles.com\/es\/wp-json\/wp\/v2\/comments?post=1977"}],"version-history":[{"count":4,"href":"https:\/\/www.axf-axles.com\/es\/wp-json\/wp\/v2\/pages\/1977\/revisions"}],"predecessor-version":[{"id":2147,"href":"https:\/\/www.axf-axles.com\/es\/wp-json\/wp\/v2\/pages\/1977\/revisions\/2147"}],"up":[{"embeddable":true,"href":"https:\/\/www.axf-axles.com\/es\/wp-json\/wp\/v2\/pages\/1952"}],"wp:attachment":[{"href":"https:\/\/www.axf-axles.com\/es\/wp-json\/wp\/v2\/media?parent=1977"}],"curies":[{"name":"wp","href":"https:\/\/api.w.org\/{rel}","templated":true}]}}