{"id":1979,"date":"2020-02-19T10:13:36","date_gmt":"2020-02-19T09:13:36","guid":{"rendered":"http:\/\/www.axf-axles.com\/assali-su-misura\/"},"modified":"2020-08-03T14:24:33","modified_gmt":"2020-08-03T12:24:33","slug":"ejes-a-medida","status":"publish","type":"page","link":"https:\/\/www.axf-axles.com\/es\/ejes-a-medida\/","title":{"rendered":"Ejes a medida"},"content":{"rendered":"<p>[vc_row full_width=\u00bbstretch_row_content_no_spaces\u00bb content_placement=\u00bbmiddle\u00bb color_style=\u00bblight\u00bb css=\u00bb.vc_custom_1591608780882{padding-top: 150px !important;padding-bottom: 90px !important;background-image: url(http:\/\/www.axf-axles.com\/wp-content\/uploads\/2020\/06\/header_02-1.jpg?id=1629) !important;background-position: center !important;background-repeat: no-repeat !important;background-size: cover !important;}\u00bb el_class=\u00bbcircle-header\u00bb][vc_column width=\u00bb1\/6&#8243;][\/vc_column][vc_column width=\u00bb2\/3&#8243;]<div class=\" size-sm align-center clearfix  pix-animate-cre\" data-trans=\"fadeInUp\"  data-duration=\"\"  data-delay=\"\"><h1 class=\"main-title title \" style=\"font-size: 60px; \">Ejes a medida<\/h1><\/div>[\/vc_column][vc_column width=\u00bb1\/6&#8243;][\/vc_column][\/vc_row][vc_row full_width=\u00bbstretch_row\u00bb equal_height=\u00bbyes\u00bb content_placement=\u00bbmiddle\u00bb css=\u00bb.vc_custom_1549962263854{padding-top: 60px !important;padding-bottom: 0px !important;background-position: center !important;background-repeat: no-repeat !important;background-size: cover !important;}\u00bb][vc_column width=\u00bb1\/12&#8243; set_column_height=\u00bbyes\u00bb column_height=\u00bb540px\u00bb][\/vc_column][vc_column width=\u00bb10\/12&#8243; css=\u00bb.vc_custom_1550482221448{padding-bottom: 15px !important;}\u00bb][vc_column_text css_animation=\u00bbfadeInUp\u00bb el_class=\u00bbmagenta-title\u00bb]<\/p>\n<h1 style=\"text-align: center;\">C\u00f3mo elegir un eje<\/h1>\n<p>[\/vc_column_text][vc_separator color=\u00bbblack\u00bb border_width=\u00bb2&#8243; el_width=\u00bb10&#8243; css_animation=\u00bbfadeInUp\u00bb][vc_column_text css_animation=\u00bbfadeInUp\u00bb]Frenco, con el departamento AXF, es una de las pocas empresas en el mercado de referencia que ofrece un servicio sumamente personalizado del producto final. Cada detalle se desarrolla seg\u00fan las distintas exigencias constructivas del cliente. El departamento t\u00e9cnico analiza y estudia con atenci\u00f3n las solicitudes con la colaboraci\u00f3n del cliente y realiza comprobaciones de viabilidad y pruebas de carga y rendimiento generales.[\/vc_column_text][\/vc_column][vc_column width=\u00bb1\/12&#8243;][\/vc_column][\/vc_row][vc_row full_width=\u00bbstretch_row\u00bb equal_height=\u00bbyes\u00bb content_placement=\u00bbmiddle\u00bb css=\u00bb.vc_custom_1582193164172{margin-bottom: 0px !important;padding-top: 60px !important;padding-bottom: 60px !important;background-color: #ededec !important;background-position: center !important;background-repeat: no-repeat !important;background-size: cover !important;}\u00bb][vc_column width=\u00bb1\/12&#8243; set_column_height=\u00bbyes\u00bb column_height=\u00bb540px\u00bb][\/vc_column][vc_column width=\u00bb10\/12&#8243; css=\u00bb.vc_custom_1550482221448{padding-bottom: 15px !important;}\u00bb][vc_column_text css_animation=\u00bbfadeInUp\u00bb el_class=\u00bbmagenta-title\u00bb]<\/p>\n<h2 style=\"text-align: center;\">Configura tu eje<\/h2>\n<p>[\/vc_column_text][vc_separator color=\u00bbblack\u00bb border_width=\u00bb2&#8243; el_width=\u00bb10&#8243; css_animation=\u00bbfadeInUp\u00bb][vc_column_text css_animation=\u00bbfadeInUp\u00bb]AXF es capaz de ofreceros exactamente el producto que necesit\u00e1is, pero para hacerlo \u00a1necesitamos vuestra ayuda! Cuando se compra un eje es conveniente tener muy en cuenta las siguientes especificaciones del producto:[\/vc_column_text][vc_single_image image=\u00bb1399&#8243; img_size=\u00bbfull\u00bb alignment=\u00bbcenter\u00bb css=\u00bb.vc_custom_1582193569838{margin-bottom: 40px !important;}\u00bb]<div role=\"form\" class=\"wpcf7\" id=\"wpcf7-f1989-o1\" lang=\"it-IT\" dir=\"ltr\">\n<div class=\"screen-reader-response\"><p role=\"status\" aria-live=\"polite\" aria-atomic=\"true\"><\/p> <ul><\/ul><\/div>\n<form action=\"\/es\/wp-json\/wp\/v2\/pages\/1979#wpcf7-f1989-o1\" method=\"post\" class=\"wpcf7-form init\" novalidate=\"novalidate\" data-status=\"init\">\n<div style=\"display: none;\">\n<input type=\"hidden\" name=\"_wpcf7\" value=\"1989\" \/>\n<input type=\"hidden\" name=\"_wpcf7_version\" value=\"5.6.1\" \/>\n<input type=\"hidden\" name=\"_wpcf7_locale\" value=\"it_IT\" \/>\n<input type=\"hidden\" name=\"_wpcf7_unit_tag\" value=\"wpcf7-f1989-o1\" \/>\n<input type=\"hidden\" name=\"_wpcf7_container_post\" value=\"0\" \/>\n<input type=\"hidden\" name=\"_wpcf7_posted_data_hash\" value=\"\" \/>\n<input type=\"hidden\" name=\"_wpcf7_recaptcha_response\" value=\"\" \/>\n<\/div>\n<div class=\"contactForm tailormade-form\">\n<div class=\"row\">\n<div class=\"col-md-6\">\n            <label for=\"contactname\">NOMBRE Y APELLIDOS: <span class=\"color\">*<\/span><\/label><br \/>\n            <span class=\"wpcf7-form-control-wrap\" data-name=\"your-name\"><input type=\"text\" name=\"your-name\" value=\"\" size=\"40\" class=\"wpcf7-form-control wpcf7-text wpcf7-validates-as-required required textfield subject\" aria-required=\"true\" aria-invalid=\"false\" \/><\/span>\n        <\/div>\n<div class=\"col-md-6\">\n            <label for=\"email\">CORREO ELECTR\u00d3NICO: <span class=\"color\">*<\/span><\/label><br \/>\n            <span class=\"wpcf7-form-control-wrap\" data-name=\"your-email\"><input type=\"email\" name=\"your-email\" value=\"\" size=\"40\" class=\"wpcf7-form-control wpcf7-text wpcf7-email wpcf7-validates-as-required wpcf7-validates-as-email required textfield subject\" aria-required=\"true\" aria-invalid=\"false\" \/><\/span>\n        <\/div>\n<div class=\"col-md-6\">\n            <label for=\"subject\">EMPRESA:  <span class=\"color\">*<\/span><\/label><br \/>\n            <span class=\"wpcf7-form-control-wrap\" data-name=\"your-company\"><input type=\"text\" name=\"your-company\" value=\"\" size=\"40\" class=\"wpcf7-form-control wpcf7-text required textfield subject\" aria-invalid=\"false\" \/><\/span>\n        <\/div>\n<div class=\"col-md-6\">\n            <label for=\"subject\">M\u00d3VIL:<\/label><br \/>\n            <span class=\"wpcf7-form-control-wrap\" data-name=\"your-phone\"><input type=\"text\" name=\"your-phone\" value=\"\" size=\"40\" class=\"wpcf7-form-control wpcf7-text required textfield subject\" aria-invalid=\"false\" \/><\/span>\n        <\/div>\n<\/div>\n<div class=\"row\">\n<div class=\"col-md-12\">\n<hr style=\"margin: 40px 0 20px; background-color: #e2211c;\">\n        <\/div>\n<\/div>\n<div class=\"row tailormade-row\">\n<div class=\"col-md-6 tailormade-label\">\n            01. TIPO DE EJE*\n        <\/div>\n<div class=\"col-md-6\">\n            <span class=\"wpcf7-form-control-wrap\" data-name=\"your-axles-type\"><span class=\"wpcf7-form-control wpcf7-radio\"><span class=\"wpcf7-list-item first\"><input type=\"radio\" name=\"your-axles-type\" value=\"Ejes con freno\" \/><span class=\"wpcf7-list-item-label\">Ejes con freno<\/span><\/span><span class=\"wpcf7-list-item last\"><input type=\"radio\" name=\"your-axles-type\" value=\"Ejes sin freno\" \/><span class=\"wpcf7-list-item-label\">Ejes sin freno<\/span><\/span><\/span><\/span>\n        <\/div>\n<\/div>\n<div class=\"row tailormade-row\">\n<div class=\"col-md-6 tailormade-label\">\n            02. CAPACIDAD DE CARGA (Kg)*\n        <\/div>\n<div class=\"col-md-6\">\n            <span class=\"wpcf7-form-control-wrap\" data-name=\"your-axles-weight\"><select name=\"your-axles-weight\" class=\"wpcf7-form-control wpcf7-select\" aria-invalid=\"false\"><option value=\"\">Capacidad de carga<\/option><option value=\"500\">500<\/option><option value=\"750\">750<\/option><option value=\"900\">900<\/option><option value=\"1000\">1000<\/option><option value=\"1100\">1100<\/option><option value=\"1500\">1500<\/option><option value=\"1600\">1600<\/option><option value=\"1800\">1800<\/option><option value=\"2500\">2500<\/option><option value=\"3500\">3500<\/option><\/select><\/span>\n        <\/div>\n<\/div>\n<div class=\"row tailormade-row\">\n<div class=\"col-md-6 tailormade-label\">\n            03. ATAQUE RUEDA (P.C.D.)*\n        <\/div>\n<div class=\"col-md-6\">\n            <span class=\"wpcf7-form-control-wrap\" data-name=\"your-wheel\"><select name=\"your-wheel\" class=\"wpcf7-form-control wpcf7-select\" aria-invalid=\"false\"><option value=\"\">Ataque rueda<\/option><option value=\"056\">056<\/option><option value=\"058\">058<\/option><option value=\"066\">066<\/option><option value=\"093\">093<\/option><option value=\"160\">160<\/option><option value=\"LR\">LR<\/option><option value=\"NS\">NS<\/option><\/select><\/span>\n        <\/div>\n<\/div>\n<div class=\"row tailormade-row\">\n<div class=\"col-md-6 tailormade-label\">\n            04. DISTANCIA BRIDAS (AMARRE DEL REMOLQUE), COTA (A* en mil\u00edmetros)*\n        <\/div>\n<div class=\"col-md-6\">\n            <span class=\"wpcf7-form-control-wrap\" data-name=\"your-interasse\"><input type=\"text\" name=\"your-interasse\" value=\"\" size=\"40\" class=\"wpcf7-form-control wpcf7-text wpcf7-validates-as-required\" aria-required=\"true\" aria-invalid=\"false\" \/><\/span>\n        <\/div>\n<\/div>\n<div class=\"row tailormade-row\">\n<div class=\"col-md-6 tailormade-label\">\n            05. PISA (ASIENTO DE LAS RUEDAS), COTA (B en mil\u00edmetros)*\n        <\/div>\n<div class=\"col-md-6\">\n            <span class=\"wpcf7-form-control-wrap\" data-name=\"your-carreggiata\"><input type=\"text\" name=\"your-carreggiata\" value=\"\" size=\"40\" class=\"wpcf7-form-control wpcf7-text wpcf7-validates-as-required\" aria-required=\"true\" aria-invalid=\"false\" \/><\/span>\n        <\/div>\n<\/div>\n<div class=\"row tailormade-row\">\n<div class=\"col-md-6 tailormade-label\">\n            06. EJE*\n        <\/div>\n<div class=\"col-md-6\">\n            <span class=\"wpcf7-form-control-wrap\" data-name=\"your-asse\"><span class=\"wpcf7-form-control wpcf7-radio\"><span class=\"wpcf7-list-item first\"><input type=\"radio\" name=\"your-asse\" value=\"Eje individual\" \/><span class=\"wpcf7-list-item-label\">Eje individual<\/span><\/span><span class=\"wpcf7-list-item last\"><input type=\"radio\" name=\"your-asse\" value=\"Ejes en t\u00e1ndem\" \/><span class=\"wpcf7-list-item-label\">Ejes en t\u00e1ndem<\/span><\/span><\/span><\/span>\n        <\/div>\n<\/div>\n<div class=\"row tailormade-row\">\n<div class=\"col-md-6 tailormade-label\">\n            07. SIRGAS DE FRENO*\n        <\/div>\n<div class=\"col-md-6\">\n            <span class=\"wpcf7-form-control-wrap\" data-name=\"your-cavi\"><span class=\"wpcf7-form-control wpcf7-acceptance optional\"><span class=\"wpcf7-list-item\"><input type=\"checkbox\" name=\"your-cavi\" value=\"1\" aria-invalid=\"false\" \/><\/span><\/span><\/span>\n        <\/div>\n<\/div>\n<div class=\"row tailormade-row\">\n<div class=\"col-md-6 tailormade-label\">\n            08. TIPO DE ENGANCHE*\n        <\/div>\n<div class=\"col-md-6\">\n            <span class=\"wpcf7-form-control-wrap\" data-name=\"your-repulsore\"><span class=\"wpcf7-form-control wpcf7-checkbox wpcf7-exclusive-checkbox\"><span class=\"wpcf7-list-item first\"><input type=\"checkbox\" name=\"your-repulsore\" value=\"Enganche RECTO\" \/><span class=\"wpcf7-list-item-label\">Enganche RECTO<\/span><\/span><span class=\"wpcf7-list-item last\"><input type=\"checkbox\" name=\"your-repulsore\" value=\"Enganche V\" \/><span class=\"wpcf7-list-item-label\">Enganche V<\/span><\/span><\/span><\/span>\n        <\/div>\n<\/div>\n<div class=\"row tailormade-row\">\n<div class=\"col-md-6 tailormade-label\">\n            09. CAPACIDAD ENGANCHE (Kg)*\n        <\/div>\n<div class=\"col-md-6\">\n            <span class=\"wpcf7-form-control-wrap\" data-name=\"your-portata-repulsore\"><select name=\"your-portata-repulsore\" class=\"wpcf7-form-control wpcf7-select\" aria-invalid=\"false\"><option value=\"\">Capacidad enganche<\/option><option value=\"1000\">1000<\/option><option value=\"1500\">1500<\/option><option value=\"1800\">1800<\/option><option value=\"2800\">2800<\/option><\/select><\/span>\n        <\/div>\n<\/div>\n<div class=\"row\">\n<div class=\"col-md-12\">\n<hr style=\"margin: 20px 0 40px; background-color: #e2211c;\">\n        <\/div>\n<\/div>\n<div class=\"row tailormade-row\">\n<div class=\"col-md-8\">\n            <span class=\"wpcf7-form-control-wrap\" data-name=\"acceptance-425\"><span class=\"wpcf7-form-control wpcf7-acceptance\"><span class=\"wpcf7-list-item\"><label><input type=\"checkbox\" name=\"acceptance-425\" value=\"1\" aria-invalid=\"false\" \/><span class=\"wpcf7-list-item-label\">Autorizo el tratamiento de los datos personales (<a href=\"\/es\/privacy-policy\/\">leer la pol\u00edtica de privacidad<\/a>)<\/span><\/label><\/span><\/span><\/span>\n        <\/div>\n<div class=\"col-md-4\"><input type=\"submit\" value=\"Enviar\" class=\"wpcf7-form-control has-spinner wpcf7-submit btn btn-outline btn-rectangle btn-md colorbtn rounded-btn\" \/><\/div>\n<\/div>\n<\/div>\n<div class=\"wpcf7-response-output\" aria-hidden=\"true\"><\/div><\/form><\/div>[\/vc_column][vc_column width=\u00bb1\/12&#8243;][\/vc_column][\/vc_row][vc_row full_width=\u00bbstretch_row\u00bb equal_height=\u00bbyes\u00bb content_placement=\u00bbmiddle\u00bb css=\u00bb.vc_custom_1581322557879{padding-top: 25px !important;padding-bottom: 60px !important;background-color: #e2211c !important;background-position: center !important;background-repeat: no-repeat !important;background-size: cover !important;}\u00bb el_class=\u00bbfooter-cta\u00bb][vc_column width=\u00bb1\/6&#8243;][\/vc_column][vc_column color_style=\u00bblight\u00bb width=\u00bb6\/12&#8243;][vc_column_text]<strong>THINK AXLES <span style=\"color: #fff;\">TALK MORE<\/span><\/strong><br \/>\nDescubre sin compromiso nuestras soluciones seg\u00fan tus necesidades.[\/vc_column_text][\/vc_column][vc_column width=\u00bb1\/6&#8243;]<div class=\"pix_button clear button-center\"><a href=\"http:\/\/www.axf-axles.com\/es\/contacto\/\" title=\"Contacto\"  class=\"btn btn-outline btn-rectangle  btn-md colorbtn rounded-btn\">PONTE EN CONTACTO CON NOSOTROS<\/a><\/div>[\/vc_column][vc_column width=\u00bb1\/6&#8243;][\/vc_column][\/vc_row]<\/p>\n","protected":false},"excerpt":{"rendered":"<p>[vc_row full_width=\u00bbstretch_row_content_no_spaces\u00bb content_placement=\u00bbmiddle\u00bb color_style=\u00bblight\u00bb css=\u00bb.vc_custom_1591608780882{padding-top: 150px !important;padding-bottom: 90px !important;background-image: url(http:\/\/www.axf-axles.com\/wp-content\/uploads\/2020\/06\/header_02-1.jpg?id=1629) !important;background-position: center !important;background-repeat: no-repeat !important;background-size: cover !important;}\u00bb el_class=\u00bbcircle-header\u00bb][vc_column width=\u00bb1\/6&#8243;][\/vc_column][vc_column width=\u00bb2\/3&#8243;][\/vc_column][vc_column width=\u00bb1\/6&#8243;][\/vc_column][\/vc_row][vc_row full_width=\u00bbstretch_row\u00bb equal_height=\u00bbyes\u00bb content_placement=\u00bbmiddle\u00bb css=\u00bb.vc_custom_1549962263854{padding-top: 60px !important;padding-bottom: 0px !important;background-position: center !important;background-repeat: no-repeat !important;background-size: cover !important;}\u00bb][vc_column width=\u00bb1\/12&#8243; set_column_height=\u00bbyes\u00bb column_height=\u00bb540px\u00bb][\/vc_column][vc_column width=\u00bb10\/12&#8243; css=\u00bb.vc_custom_1550482221448{padding-bottom:&#8230;<\/p>\n","protected":false},"author":1,"featured_media":0,"parent":0,"menu_order":0,"comment_status":"closed","ping_status":"closed","template":"","meta":[],"_links":{"self":[{"href":"https:\/\/www.axf-axles.com\/es\/wp-json\/wp\/v2\/pages\/1979"}],"collection":[{"href":"https:\/\/www.axf-axles.com\/es\/wp-json\/wp\/v2\/pages"}],"about":[{"href":"https:\/\/www.axf-axles.com\/es\/wp-json\/wp\/v2\/types\/page"}],"author":[{"embeddable":true,"href":"https:\/\/www.axf-axles.com\/es\/wp-json\/wp\/v2\/users\/1"}],"replies":[{"embeddable":true,"href":"https:\/\/www.axf-axles.com\/es\/wp-json\/wp\/v2\/comments?post=1979"}],"version-history":[{"count":4,"href":"https:\/\/www.axf-axles.com\/es\/wp-json\/wp\/v2\/pages\/1979\/revisions"}],"predecessor-version":[{"id":1992,"href":"https:\/\/www.axf-axles.com\/es\/wp-json\/wp\/v2\/pages\/1979\/revisions\/1992"}],"wp:attachment":[{"href":"https:\/\/www.axf-axles.com\/es\/wp-json\/wp\/v2\/media?parent=1979"}],"curies":[{"name":"wp","href":"https:\/\/api.w.org\/{rel}","templated":true}]}}