{"id":1985,"date":"2020-02-18T11:59:37","date_gmt":"2020-02-18T10:59:37","guid":{"rendered":"http:\/\/www.axf-axles.com\/ricambi\/"},"modified":"2020-09-09T09:57:28","modified_gmt":"2020-09-09T07:57:28","slug":"piezas-de-repuesto","status":"publish","type":"page","link":"https:\/\/www.axf-axles.com\/es\/piezas-de-repuesto\/","title":{"rendered":"Piezas de repuesto"},"content":{"rendered":"<p>[vc_row full_width=\u00bbstretch_row_content_no_spaces\u00bb content_placement=\u00bbmiddle\u00bb color_style=\u00bblight\u00bb css=\u00bb.vc_custom_1591608757019{padding-top: 150px !important;padding-bottom: 90px !important;background-image: url(http:\/\/www.axf-axles.com\/wp-content\/uploads\/2020\/06\/header_02-1.jpg?id=1629) !important;background-position: center !important;background-repeat: no-repeat !important;background-size: cover !important;}\u00bb el_class=\u00bbcircle-header\u00bb][vc_column width=\u00bb1\/6&#8243;][\/vc_column][vc_column width=\u00bb2\/3&#8243;]<div class=\" size-sm align-center clearfix  pix-animate-cre\" data-trans=\"fadeInUp\"  data-duration=\"\"  data-delay=\"\"><h1 class=\"main-title title \" style=\"font-size: 60px; \">Piezas de repuesto<\/h1><\/div>[\/vc_column][vc_column width=\u00bb1\/6&#8243;][\/vc_column][\/vc_row][vc_row full_width=\u00bbstretch_row\u00bb equal_height=\u00bbyes\u00bb content_placement=\u00bbmiddle\u00bb css=\u00bb.vc_custom_1549962263854{padding-top: 60px !important;padding-bottom: 0px !important;background-position: center !important;background-repeat: no-repeat !important;background-size: cover !important;}\u00bb][vc_column width=\u00bb1\/12&#8243; set_column_height=\u00bbyes\u00bb column_height=\u00bb540px\u00bb][\/vc_column][vc_column width=\u00bb10\/12&#8243; css=\u00bb.vc_custom_1550482221448{padding-bottom: 15px !important;}\u00bb][vc_column_text css_animation=\u00bbfadeInUp\u00bb el_class=\u00bbmagenta-title\u00bb]<\/p>\n<h1 style=\"text-align: center;\">Piezas de repuesto<\/h1>\n<p>[\/vc_column_text][vc_separator color=\u00bbblack\u00bb border_width=\u00bb2&#8243; el_width=\u00bb10&#8243; css_animation=\u00bbfadeInUp\u00bb][vc_column_text css_animation=\u00bbfadeInUp\u00bb]La oferta AXF tambi\u00e9n la completa un servicio de piezas de repuesto puntual. De hecho el cuidadoso mantenimiento de nuestros sistemas de frenado y la sustituci\u00f3n de las piezas de repuesto son esenciales para que los productos suministrados funcionen correctamente y sean seguros en carretera.<\/p>\n<p>Todos los kits de repuesto AXF se crean seg\u00fan la filosof\u00eda \u201cAll-in-one\u201d, es decir el kit est\u00e1 dotado de todos los art\u00edculos necesarios para el mantenimiento de las piezas que se tienen que sustituir. AXF aconseja un mantenimiento peri\u00f3dico por parte de un profesional cualificado y con piezas de repuesto originales.[\/vc_column_text][vc_tta_accordion shape=\u00bbsquare\u00bb active_section=\u00bb1&#8243; no_fill=\u00bbtrue\u00bb][vc_tta_section title=\u00bbKit tambor\u00bb tab_id=\u00bbkit-tamburo\u00bb][vc_single_image image=\u00bb1613&#8243; img_size=\u00bbfull\u00bb alignment=\u00bbcenter\u00bb][vc_raw_html]JTVCdGFibGUlMjBpZCUzRDE3JTIwJTJGJTVE[\/vc_raw_html][vc_column_text]* OBSOLETO, DISPONIBILE FINO AD ESAURIMENTO SCORTE \/<br \/>\nOBSOLETO, DISPONIBLE HASTA AGOTAR EXISTENCIAS<br \/>\n** DISPONIBILE SU RICHIESTA \/ DISPONIBLE BAJO PEDIDO[\/vc_column_text][\/vc_tta_section][vc_tta_section title=\u00bbKit de sirgas de freno\u00bb tab_id=\u00bbkit-funi\u00bb][vc_single_image image=\u00bb1759&#8243; img_size=\u00bbfull\u00bb alignment=\u00bbcenter\u00bb][vc_raw_html]JTVCdGFibGUlMjBpZCUzRDIxJTIwJTJGJTVE[\/vc_raw_html][vc_single_image image=\u00bb1619&#8243; img_size=\u00bbfull\u00bb][vc_raw_html]JTVCdGFibGUlMjBpZCUzRDIwJTIwJTJGJTVE[\/vc_raw_html][\/vc_tta_section][vc_tta_section title=\u00bbKit de zapatas de freno\u00bb tab_id=\u00bbkit-masse-freno\u00bb][vc_single_image image=\u00bb1605&#8243; img_size=\u00bbfull\u00bb alignment=\u00bbcenter\u00bb][vc_raw_html]JTVCdGFibGUlMjBpZCUzRDE4JTIwJTJGJTVE[\/vc_raw_html][vc_column_text]STND STANDARD[\/vc_column_text][\/vc_tta_section][vc_tta_section title=\u00bbPiezas de repuesto enganches\u00bb tab_id=\u00bbricambi-repulsori\u00bb][vc_single_image image=\u00bb1609&#8243; img_size=\u00bbfull\u00bb alignment=\u00bbcenter\u00bb][vc_raw_html]JTVCdGFibGUlMjBpZCUzRDU2JTIwJTJGJTVE[\/vc_raw_html][\/vc_tta_section][\/vc_tta_accordion][\/vc_column][vc_column width=\u00bb1\/12&#8243;][\/vc_column][\/vc_row][vc_row full_width=\u00bbstretch_row\u00bb equal_height=\u00bbyes\u00bb content_placement=\u00bbmiddle\u00bb css=\u00bb.vc_custom_1581322557879{padding-top: 25px !important;padding-bottom: 60px !important;background-color: #e2211c !important;background-position: center !important;background-repeat: no-repeat !important;background-size: cover !important;}\u00bb el_class=\u00bbfooter-cta\u00bb][vc_column width=\u00bb1\/6&#8243;][\/vc_column][vc_column color_style=\u00bblight\u00bb width=\u00bb6\/12&#8243;][vc_column_text]<strong>THINK AXLES <span style=\"color: #fff;\">TALK MORE<\/span><\/strong><\/p>\n<p>Descubre sin compromiso nuestras soluciones seg\u00fan tus necesidades.[\/vc_column_text][\/vc_column][vc_column width=\u00bb1\/6&#8243;]<div class=\"pix_button clear button-center\"><a href=\"http:\/\/www.axf-axles.com\/es\/contacto\/\" title=\"Contacto\"  class=\"btn btn-outline btn-rectangle  btn-md colorbtn rounded-btn\">PONTE EN CONTACTO CON NOSOTROS<\/a><\/div>[\/vc_column][vc_column width=\u00bb1\/6&#8243;][\/vc_column][\/vc_row]<\/p>\n","protected":false},"excerpt":{"rendered":"<p>[vc_row full_width=\u00bbstretch_row_content_no_spaces\u00bb content_placement=\u00bbmiddle\u00bb color_style=\u00bblight\u00bb css=\u00bb.vc_custom_1591608757019{padding-top: 150px !important;padding-bottom: 90px !important;background-image: url(http:\/\/www.axf-axles.com\/wp-content\/uploads\/2020\/06\/header_02-1.jpg?id=1629) !important;background-position: center !important;background-repeat: no-repeat !important;background-size: cover !important;}\u00bb el_class=\u00bbcircle-header\u00bb][vc_column width=\u00bb1\/6&#8243;][\/vc_column][vc_column width=\u00bb2\/3&#8243;][\/vc_column][vc_column width=\u00bb1\/6&#8243;][\/vc_column][\/vc_row][vc_row full_width=\u00bbstretch_row\u00bb equal_height=\u00bbyes\u00bb content_placement=\u00bbmiddle\u00bb css=\u00bb.vc_custom_1549962263854{padding-top: 60px !important;padding-bottom: 0px !important;background-position: center !important;background-repeat: no-repeat !important;background-size: cover !important;}\u00bb][vc_column width=\u00bb1\/12&#8243; set_column_height=\u00bbyes\u00bb column_height=\u00bb540px\u00bb][\/vc_column][vc_column width=\u00bb10\/12&#8243; css=\u00bb.vc_custom_1550482221448{padding-bottom:&#8230;<\/p>\n","protected":false},"author":1,"featured_media":0,"parent":0,"menu_order":0,"comment_status":"closed","ping_status":"closed","template":"","meta":[],"_links":{"self":[{"href":"https:\/\/www.axf-axles.com\/es\/wp-json\/wp\/v2\/pages\/1985"}],"collection":[{"href":"https:\/\/www.axf-axles.com\/es\/wp-json\/wp\/v2\/pages"}],"about":[{"href":"https:\/\/www.axf-axles.com\/es\/wp-json\/wp\/v2\/types\/page"}],"author":[{"embeddable":true,"href":"https:\/\/www.axf-axles.com\/es\/wp-json\/wp\/v2\/users\/1"}],"replies":[{"embeddable":true,"href":"https:\/\/www.axf-axles.com\/es\/wp-json\/wp\/v2\/comments?post=1985"}],"version-history":[{"count":5,"href":"https:\/\/www.axf-axles.com\/es\/wp-json\/wp\/v2\/pages\/1985\/revisions"}],"predecessor-version":[{"id":2325,"href":"https:\/\/www.axf-axles.com\/es\/wp-json\/wp\/v2\/pages\/1985\/revisions\/2325"}],"wp:attachment":[{"href":"https:\/\/www.axf-axles.com\/es\/wp-json\/wp\/v2\/media?parent=1985"}],"curies":[{"name":"wp","href":"https:\/\/api.w.org\/{rel}","templated":true}]}}