{"id":2009,"date":"2019-02-12T11:00:14","date_gmt":"2019-02-12T10:00:14","guid":{"rendered":"http:\/\/www.axf-axles.com\/chi-siamo\/"},"modified":"2022-11-24T12:35:13","modified_gmt":"2022-11-24T11:35:13","slug":"qui-nous-sommes","status":"publish","type":"page","link":"https:\/\/www.axf-axles.com\/fr\/qui-nous-sommes\/","title":{"rendered":"Qui nous sommes"},"content":{"rendered":"<p>[vc_row full_width=\u00a0\u00bbstretch_row_content_no_spaces\u00a0\u00bb content_placement=\u00a0\u00bbmiddle\u00a0\u00bb color_style=\u00a0\u00bblight\u00a0\u00bb css=\u00a0\u00bb.vc_custom_1591608704213{padding-top: 150px !important;padding-bottom: 90px !important;background-image: url(http:\/\/www.axf-axles.com\/wp-content\/uploads\/2020\/06\/header_02-1.jpg?id=1629) !important;background-position: center !important;background-repeat: no-repeat !important;background-size: cover !important;}\u00a0\u00bb el_class=\u00a0\u00bbcircle-header\u00a0\u00bb][vc_column width=\u00a0\u00bb1\/6&Prime;][\/vc_column][vc_column width=\u00a0\u00bb2\/3&Prime;]<div class=\" size-sm align-center clearfix  pix-animate-cre\" data-trans=\"fadeInUp\"  data-duration=\"\"  data-delay=\"\"><h1 class=\"main-title title \" style=\"font-size: 60px; \">Qui nous sommes<\/h1><\/div>[\/vc_column][vc_column width=\u00a0\u00bb1\/6&Prime;][\/vc_column][\/vc_row][vc_row full_width=\u00a0\u00bbstretch_row\u00a0\u00bb equal_height=\u00a0\u00bbyes\u00a0\u00bb content_placement=\u00a0\u00bbmiddle\u00a0\u00bb css=\u00a0\u00bb.vc_custom_1549962263854{padding-top: 60px !important;padding-bottom: 0px !important;background-position: center !important;background-repeat: no-repeat !important;background-size: cover !important;}\u00a0\u00bb][vc_column width=\u00a0\u00bb1\/12&Prime; set_column_height=\u00a0\u00bbyes\u00a0\u00bb column_height=\u00a0\u00bb540px\u00a0\u00bb][\/vc_column][vc_column width=\u00a0\u00bb10\/12&Prime; css=\u00a0\u00bb.vc_custom_1550482221448{padding-bottom: 15px !important;}\u00a0\u00bb][vc_column_text css_animation=\u00a0\u00bbfadeInUp\u00a0\u00bb el_class=\u00a0\u00bbmagenta-title\u00a0\u00bb]<\/p>\n<h1 style=\"text-align: center;\">Qui nous sommes<\/h1>\n<p>[\/vc_column_text][vc_separator color=\u00a0\u00bbblack\u00a0\u00bb border_width=\u00a0\u00bb2&Prime; el_width=\u00a0\u00bb10&Prime; css_animation=\u00a0\u00bbfadeInUp\u00a0\u00bb][vc_column_text css_animation=\u00a0\u00bbfadeInUp\u00a0\u00bb]AXF est la division torsion de FRENCO S.r.l. depuis 2010. Ce secteur de la soci\u00e9t\u00e9 est sp\u00e9cialis\u00e9 dans la production d\u2019essieux \u00e0 torsion, de syst\u00e8mes de freinages et de DISPOSITIFS \u00c0 INERTIE pour les remorques ROUTIER (avec masse \u00e0 charge pleine jusqu\u2019\u00e0 3500 kg) destin\u00e9s principalement au secteur routier et autre. Domaines d\u2019utilisation : remorques pour le transport de marchandises, d\u2019embarcations, de v\u00e9hicules, d\u2019animaux et autres applications dans le secteur de l\u2019agriculture, des chantiers, des a\u00e9roports.<br \/>\nAXF est l\u2019aboutissement de la solide exp\u00e9rience de FRENCO, connu pour la production MACHOIRES DE FREIN, de masse de freinage et du collage de GARNITURE pour le secteur agricole et industriel.<br \/>\nL\u2019\u00e9quipe de la soci\u00e9t\u00e9 est hautement qualifi\u00e9e et est forte d\u2019une longue exp\u00e9rience professionnelle affirm\u00e9e.<br \/>\nL\u2019am\u00e9lioration p\u00e9renne des processus de production, l\u2019innovation du produit, la production dans le respect des r\u00e8glementations du secteur et la qualit\u00e9 ne sont que quelques-uns des piliers de la philosophie entrepreneuriale. Qualit\u00e9 qui se traduit en attention \u00e0 l\u2019endroit du client et de ses exigences sp\u00e9cifiques.<br \/>\nLe SERVICE Customer Care fournit une assistance constante en toute phase du rapport avec le client. Sur le march\u00e9 pour se mesurer \u00e0 l\u2019international avec qualit\u00e9, comp\u00e9tence et passion.[\/vc_column_text][vc_single_image image=\u00a0\u00bb626&Prime; img_size=\u00a0\u00bbfull\u00a0\u00bb alignment=\u00a0\u00bbcenter\u00a0\u00bb onclick=\u00a0\u00bbcustom_link\u00a0\u00bb img_link_target=\u00a0\u00bb_blank\u00a0\u00bb link=\u00a0\u00bbhttps:\/\/www.axf-axles.com\/wp-content\/uploads\/2022\/11\/AXF-FRENCO-catalogo-rev4-Ott2022-ITA-FRA-web.pdf\u00a0\u00bb][vc_column_text css_animation=\u00a0\u00bbfadeInUp\u00a0\u00bb]<\/p>\n<p style=\"text-align: center; line-height: 120%; margin-top: -20px;\"><a href=\"https:\/\/www.axf-axles.com\/wp-content\/uploads\/2022\/11\/AXF-FRENCO-catalogo-rev4-Ott2022-ITA-FRA-web.pdf\">T\u00e9l\u00e9charger le catalogue<\/a><\/p>\n<p>[\/vc_column_text][\/vc_column][vc_column width=\u00a0\u00bb1\/12&Prime;][\/vc_column][\/vc_row][vc_row full_width=\u00a0\u00bbstretch_row\u00a0\u00bb equal_height=\u00a0\u00bbyes\u00a0\u00bb content_placement=\u00a0\u00bbmiddle\u00a0\u00bb css=\u00a0\u00bb.vc_custom_1581322557879{padding-top: 25px !important;padding-bottom: 60px !important;background-color: #e2211c !important;background-position: center !important;background-repeat: no-repeat !important;background-size: cover !important;}\u00a0\u00bb el_class=\u00a0\u00bbfooter-cta\u00a0\u00bb][vc_column width=\u00a0\u00bb1\/6&Prime;][\/vc_column][vc_column color_style=\u00a0\u00bblight\u00a0\u00bb width=\u00a0\u00bb6\/12&Prime;][vc_column_text]<strong>THINK AXLES <span style=\"color: #fff;\">TALK MORE<\/span><\/strong><br \/>\nD\u00e9couvrez sans contrainte nos solutions \u00e0 vos exigences.[\/vc_column_text][\/vc_column][vc_column width=\u00a0\u00bb1\/6&Prime;]<div class=\"pix_button clear button-center\"><a href=\"http:\/\/www.axf-axles.com\/fr\/contacts\/\" title=\"Contacts\"  class=\"btn btn-outline btn-rectangle  btn-md colorbtn rounded-btn\">CONTACTEZ-NOUS<\/a><\/div>[\/vc_column][vc_column width=\u00a0\u00bb1\/6&Prime;][\/vc_column][\/vc_row]<\/p>\n","protected":false},"excerpt":{"rendered":"<p>[vc_row full_width=\u00a0\u00bbstretch_row_content_no_spaces\u00a0\u00bb content_placement=\u00a0\u00bbmiddle\u00a0\u00bb color_style=\u00a0\u00bblight\u00a0\u00bb css=\u00a0\u00bb.vc_custom_1591608704213{padding-top: 150px !important;padding-bottom: 90px !important;background-image: url(http:\/\/www.axf-axles.com\/wp-content\/uploads\/2020\/06\/header_02-1.jpg?id=1629) !important;background-position: center !important;background-repeat: no-repeat !important;background-size: cover !important;}\u00a0\u00bb el_class=\u00a0\u00bbcircle-header\u00a0\u00bb][vc_column width=\u00a0\u00bb1\/6&Prime;][\/vc_column][vc_column width=\u00a0\u00bb2\/3&Prime;][\/vc_column][vc_column width=\u00a0\u00bb1\/6&Prime;][\/vc_column][\/vc_row][vc_row full_width=\u00a0\u00bbstretch_row\u00a0\u00bb equal_height=\u00a0\u00bbyes\u00a0\u00bb content_placement=\u00a0\u00bbmiddle\u00a0\u00bb css=\u00a0\u00bb.vc_custom_1549962263854{padding-top: 60px !important;padding-bottom: 0px !important;background-position: center !important;background-repeat: no-repeat !important;background-size: cover !important;}\u00a0\u00bb][vc_column width=\u00a0\u00bb1\/12&Prime; set_column_height=\u00a0\u00bbyes\u00a0\u00bb column_height=\u00a0\u00bb540px\u00a0\u00bb][\/vc_column][vc_column width=\u00a0\u00bb10\/12&Prime; css=\u00a0\u00bb.vc_custom_1550482221448{padding-bottom:&#8230;<\/p>\n","protected":false},"author":1,"featured_media":0,"parent":0,"menu_order":0,"comment_status":"closed","ping_status":"closed","template":"","meta":[],"_links":{"self":[{"href":"https:\/\/www.axf-axles.com\/fr\/wp-json\/wp\/v2\/pages\/2009"}],"collection":[{"href":"https:\/\/www.axf-axles.com\/fr\/wp-json\/wp\/v2\/pages"}],"about":[{"href":"https:\/\/www.axf-axles.com\/fr\/wp-json\/wp\/v2\/types\/page"}],"author":[{"embeddable":true,"href":"https:\/\/www.axf-axles.com\/fr\/wp-json\/wp\/v2\/users\/1"}],"replies":[{"embeddable":true,"href":"https:\/\/www.axf-axles.com\/fr\/wp-json\/wp\/v2\/comments?post=2009"}],"version-history":[{"count":7,"href":"https:\/\/www.axf-axles.com\/fr\/wp-json\/wp\/v2\/pages\/2009\/revisions"}],"predecessor-version":[{"id":2565,"href":"https:\/\/www.axf-axles.com\/fr\/wp-json\/wp\/v2\/pages\/2009\/revisions\/2565"}],"wp:attachment":[{"href":"https:\/\/www.axf-axles.com\/fr\/wp-json\/wp\/v2\/media?parent=2009"}],"curies":[{"name":"wp","href":"https:\/\/api.w.org\/{rel}","templated":true}]}}