{"id":2027,"date":"2020-02-18T10:19:52","date_gmt":"2020-02-18T09:19:52","guid":{"rendered":"http:\/\/www.axf-axles.com\/produits\/assali-e-semiassali\/"},"modified":"2021-10-21T16:35:55","modified_gmt":"2021-10-21T14:35:55","slug":"essieux-et-demi-essieux","status":"publish","type":"page","link":"https:\/\/www.axf-axles.com\/fr\/produits\/essieux-et-demi-essieux\/","title":{"rendered":"Essieux et demi-essieux"},"content":{"rendered":"<p>[vc_row full_width=\u00a0\u00bbstretch_row_content_no_spaces\u00a0\u00bb content_placement=\u00a0\u00bbmiddle\u00a0\u00bb color_style=\u00a0\u00bblight\u00a0\u00bb css=\u00a0\u00bb.vc_custom_1591620267047{padding-top: 150px !important;padding-bottom: 90px !important;background-image: url(http:\/\/www.axf-axles.com\/wp-content\/uploads\/2020\/06\/header_02-1.jpg?id=1629) !important;background-position: center !important;background-repeat: no-repeat !important;background-size: cover !important;}\u00a0\u00bb el_class=\u00a0\u00bbcircle-header\u00a0\u00bb][vc_column width=\u00a0\u00bb1\/6&Prime;][\/vc_column][vc_column width=\u00a0\u00bb2\/3&Prime;]<div class=\" size-sm align-center clearfix  pix-animate-cre\" data-trans=\"fadeInUp\"  data-duration=\"\"  data-delay=\"\"><h1 class=\"main-title title \" style=\"font-size: 60px; \">Essieux et demi-essieux<\/h1><\/div>[\/vc_column][vc_column width=\u00a0\u00bb1\/6&Prime;][\/vc_column][\/vc_row][vc_row full_width=\u00a0\u00bbstretch_row\u00a0\u00bb equal_height=\u00a0\u00bbyes\u00a0\u00bb content_placement=\u00a0\u00bbmiddle\u00a0\u00bb css=\u00a0\u00bb.vc_custom_1549962263854{padding-top: 60px !important;padding-bottom: 0px !important;background-position: center !important;background-repeat: no-repeat !important;background-size: cover !important;}\u00a0\u00bb][vc_column width=\u00a0\u00bb1\/12&Prime; set_column_height=\u00a0\u00bbyes\u00a0\u00bb column_height=\u00a0\u00bb540px\u00a0\u00bb][\/vc_column][vc_column width=\u00a0\u00bb10\/12&Prime; css=\u00a0\u00bb.vc_custom_1550482221448{padding-bottom: 15px !important;}\u00a0\u00bb][vc_column_text css_animation=\u00a0\u00bbfadeInUp\u00a0\u00bb el_class=\u00a0\u00bbmagenta-title\u00a0\u00bb]<\/p>\n<h1 style=\"text-align: center;\">Essieux et demi-essieux<\/h1>\n<p>[\/vc_column_text][vc_separator color=\u00a0\u00bbblack\u00a0\u00bb border_width=\u00a0\u00bb2&Prime; el_width=\u00a0\u00bb10&Prime; css_animation=\u00a0\u00bbfadeInUp\u00a0\u00bb][vc_column_text css_animation=\u00a0\u00bbfadeInUp\u00a0\u00bb]Le freinage correct d\u2019une remorque est \u00e9troitement li\u00e9 \u00e0 sa masse totale \u00e0 charge pleine, il est donc fondamental de choisir le juste produit qui r\u00e9ponde aux propres exigences. Choisir AXF repr\u00e9sente une garantie du meilleur produit \u00e9tudi\u00e9 pour les exigences de chacun.<\/p>\n<p>En plus des essieux frein\u00e9s, la gamme AXF pr\u00e9voit \u00e9galement des essieux non frein\u00e9s, avec port\u00e9es de 500 kg \u00e0 900 kg, voire sup\u00e9rieures en fonction des demandes.[\/vc_column_text][vc_tta_accordion shape=\u00a0\u00bbsquare\u00a0\u00bb active_section=\u00a0\u00bb1&Prime; no_fill=\u00a0\u00bbtrue\u00a0\u00bb][vc_tta_section title=\u00a0\u00bbEssieux frein\u00e9s\u00a0\u00bb tab_id=\u00a0\u00bbassali-frenati\u00a0\u00bb][vc_single_image image=\u00a0\u00bb2028&Prime; img_size=\u00a0\u00bbfull\u00a0\u00bb alignment=\u00a0\u00bbcenter\u00a0\u00bb][vc_raw_html]JTVCdGFibGUlMjBpZCUzRDM5JTIwJTJGJTVE[\/vc_raw_html][vc_column_text]* CONSIGLIATO<br \/>\n* CONSEILL\u00c9<\/p>\n<p>Tutte le dimensioni sono in millimetri<br \/>\nToutes les dimensions sont indiqu\u00e9es en millim\u00e8tres[\/vc_column_text][\/vc_tta_section][vc_tta_section title=\u00a0\u00bbEssieux non frein\u00e9s\u00a0\u00bb tab_id=\u00a0\u00bbassali-non-frenati\u00a0\u00bb][vc_single_image image=\u00a0\u00bb2030&Prime; img_size=\u00a0\u00bbfull\u00a0\u00bb alignment=\u00a0\u00bbcenter\u00a0\u00bb][vc_raw_html]JTVCdGFibGUlMjBpZCUzRDQyJTIwJTJGJTVE[\/vc_raw_html][vc_column_text]* CONSIGLIATO<br \/>\n* CONSEILL\u00c9<\/p>\n<p>Tutte le dimensioni sono in millimetri<br \/>\nToutes les dimensions sont indiqu\u00e9es en millim\u00e8tres[\/vc_column_text][\/vc_tta_section][vc_tta_section title=\u00a0\u00bbDemi-essieux frein\u00e9s\u00a0\u00bb tab_id=\u00a0\u00bbsemiassali-frenati\u00a0\u00bb][vc_single_image image=\u00a0\u00bb2031&Prime; img_size=\u00a0\u00bbfull\u00a0\u00bb alignment=\u00a0\u00bbcenter\u00a0\u00bb][vc_raw_html]JTVCdGFibGUlMjBpZCUzRDQwJTIwJTJGJTVE[\/vc_raw_html][vc_column_text]* CONSIGLIATO<br \/>\n* CONSEILL\u00c9<\/p>\n<p>** ALTRI ATTACCHI DISPONIBILI SU RICHIESTA<br \/>\n** AUTRES FIXATIONS DISPONIBLES SUR DEMANDE<\/p>\n<p>Tutte le dimensioni sono in millimetri<br \/>\nToutes les dimensions sont indiqu\u00e9es en millim\u00e8tres[\/vc_column_text][\/vc_tta_section][vc_tta_section title=\u00a0\u00bbDemi-essieux non frein\u00e9s\u00a0\u00bb tab_id=\u00a0\u00bbsemiassali-non-frenati\u00a0\u00bb][vc_single_image image=\u00a0\u00bb2032&Prime; img_size=\u00a0\u00bbfull\u00a0\u00bb alignment=\u00a0\u00bbcenter\u00a0\u00bb][vc_raw_html]JTVCdGFibGUlMjBpZCUzRDQzJTIwJTJGJTVE[\/vc_raw_html][vc_column_text]* CONSIGLIATO<br \/>\n* CONSEILL\u00c9<\/p>\n<p>Tutte le dimensioni sono in millimetri<br \/>\nToutes les dimensions sont indiqu\u00e9es en millim\u00e8tres[\/vc_column_text][\/vc_tta_section][\/vc_tta_accordion][\/vc_column][vc_column width=\u00a0\u00bb1\/12&Prime;][\/vc_column][\/vc_row][vc_row full_width=\u00a0\u00bbstretch_row\u00a0\u00bb equal_height=\u00a0\u00bbyes\u00a0\u00bb content_placement=\u00a0\u00bbmiddle\u00a0\u00bb css=\u00a0\u00bb.vc_custom_1581322557879{padding-top: 25px !important;padding-bottom: 60px !important;background-color: #e2211c !important;background-position: center !important;background-repeat: no-repeat !important;background-size: cover !important;}\u00a0\u00bb el_class=\u00a0\u00bbfooter-cta\u00a0\u00bb][vc_column width=\u00a0\u00bb1\/6&Prime;][\/vc_column][vc_column color_style=\u00a0\u00bblight\u00a0\u00bb width=\u00a0\u00bb6\/12&Prime;][vc_column_text]<strong>THINK AXLES <span style=\"color: #fff;\">TALK MORE<\/span><\/strong><br \/>\nD\u00e9couvrez sans contrainte nos solutions \u00e0 vos exigences.[\/vc_column_text][\/vc_column][vc_column width=\u00a0\u00bb1\/6&Prime;]<div class=\"pix_button clear button-center\"><a href=\"http:\/\/www.axf-axles.com\/fr\/contacts\/\" title=\"Contacts\"  class=\"btn btn-outline btn-rectangle  btn-md colorbtn rounded-btn\">CONTACTEZ-NOUS<\/a><\/div>[\/vc_column][vc_column width=\u00a0\u00bb1\/6&Prime;][\/vc_column][\/vc_row]<\/p>\n","protected":false},"excerpt":{"rendered":"<p>[vc_row full_width=\u00a0\u00bbstretch_row_content_no_spaces\u00a0\u00bb content_placement=\u00a0\u00bbmiddle\u00a0\u00bb color_style=\u00a0\u00bblight\u00a0\u00bb css=\u00a0\u00bb.vc_custom_1591620267047{padding-top: 150px !important;padding-bottom: 90px !important;background-image: url(http:\/\/www.axf-axles.com\/wp-content\/uploads\/2020\/06\/header_02-1.jpg?id=1629) !important;background-position: center !important;background-repeat: no-repeat !important;background-size: cover !important;}\u00a0\u00bb el_class=\u00a0\u00bbcircle-header\u00a0\u00bb][vc_column width=\u00a0\u00bb1\/6&Prime;][\/vc_column][vc_column width=\u00a0\u00bb2\/3&Prime;][\/vc_column][vc_column width=\u00a0\u00bb1\/6&Prime;][\/vc_column][\/vc_row][vc_row full_width=\u00a0\u00bbstretch_row\u00a0\u00bb equal_height=\u00a0\u00bbyes\u00a0\u00bb content_placement=\u00a0\u00bbmiddle\u00a0\u00bb css=\u00a0\u00bb.vc_custom_1549962263854{padding-top: 60px !important;padding-bottom: 0px !important;background-position: center !important;background-repeat: no-repeat !important;background-size: cover !important;}\u00a0\u00bb][vc_column width=\u00a0\u00bb1\/12&Prime; set_column_height=\u00a0\u00bbyes\u00a0\u00bb column_height=\u00a0\u00bb540px\u00a0\u00bb][\/vc_column][vc_column width=\u00a0\u00bb10\/12&Prime; css=\u00a0\u00bb.vc_custom_1550482221448{padding-bottom:&#8230;<\/p>\n","protected":false},"author":1,"featured_media":0,"parent":2024,"menu_order":0,"comment_status":"closed","ping_status":"closed","template":"","meta":[],"_links":{"self":[{"href":"https:\/\/www.axf-axles.com\/fr\/wp-json\/wp\/v2\/pages\/2027"}],"collection":[{"href":"https:\/\/www.axf-axles.com\/fr\/wp-json\/wp\/v2\/pages"}],"about":[{"href":"https:\/\/www.axf-axles.com\/fr\/wp-json\/wp\/v2\/types\/page"}],"author":[{"embeddable":true,"href":"https:\/\/www.axf-axles.com\/fr\/wp-json\/wp\/v2\/users\/1"}],"replies":[{"embeddable":true,"href":"https:\/\/www.axf-axles.com\/fr\/wp-json\/wp\/v2\/comments?post=2027"}],"version-history":[{"count":13,"href":"https:\/\/www.axf-axles.com\/fr\/wp-json\/wp\/v2\/pages\/2027\/revisions"}],"predecessor-version":[{"id":2446,"href":"https:\/\/www.axf-axles.com\/fr\/wp-json\/wp\/v2\/pages\/2027\/revisions\/2446"}],"up":[{"embeddable":true,"href":"https:\/\/www.axf-axles.com\/fr\/wp-json\/wp\/v2\/pages\/2024"}],"wp:attachment":[{"href":"https:\/\/www.axf-axles.com\/fr\/wp-json\/wp\/v2\/media?parent=2027"}],"curies":[{"name":"wp","href":"https:\/\/api.w.org\/{rel}","templated":true}]}}