{"id":2044,"date":"2020-02-18T11:09:02","date_gmt":"2020-02-18T10:09:02","guid":{"rendered":"http:\/\/www.axf-axles.com\/produits\/attacchi-sferici\/"},"modified":"2020-08-04T11:32:25","modified_gmt":"2020-08-04T09:32:25","slug":"boites-a-rotule","status":"publish","type":"page","link":"https:\/\/www.axf-axles.com\/fr\/produits\/boites-a-rotule\/","title":{"rendered":"Boites \u00e0 rotule"},"content":{"rendered":"<p>[vc_row full_width=\u00a0\u00bbstretch_row_content_no_spaces\u00a0\u00bb content_placement=\u00a0\u00bbmiddle\u00a0\u00bb color_style=\u00a0\u00bblight\u00a0\u00bb css=\u00a0\u00bb.vc_custom_1591620401278{padding-top: 150px !important;padding-bottom: 90px !important;background-image: url(http:\/\/www.axf-axles.com\/wp-content\/uploads\/2020\/06\/header_02-1.jpg?id=1629) !important;background-position: center !important;background-repeat: no-repeat !important;background-size: cover !important;}\u00a0\u00bb el_class=\u00a0\u00bbcircle-header\u00a0\u00bb][vc_column width=\u00a0\u00bb1\/6&Prime;][\/vc_column][vc_column width=\u00a0\u00bb2\/3&Prime;]<div class=\" size-sm align-center clearfix  pix-animate-cre\" data-trans=\"fadeInUp\"  data-duration=\"\"  data-delay=\"\"><h1 class=\"main-title title \" style=\"font-size: 60px; \">Boites \u00e0 rotule<\/h1><\/div>[\/vc_column][vc_column width=\u00a0\u00bb1\/6&Prime;][\/vc_column][\/vc_row][vc_row full_width=\u00a0\u00bbstretch_row\u00a0\u00bb equal_height=\u00a0\u00bbyes\u00a0\u00bb content_placement=\u00a0\u00bbmiddle\u00a0\u00bb css=\u00a0\u00bb.vc_custom_1549962263854{padding-top: 60px !important;padding-bottom: 0px !important;background-position: center !important;background-repeat: no-repeat !important;background-size: cover !important;}\u00a0\u00bb][vc_column width=\u00a0\u00bb1\/12&Prime; set_column_height=\u00a0\u00bbyes\u00a0\u00bb column_height=\u00a0\u00bb540px\u00a0\u00bb][\/vc_column][vc_column width=\u00a0\u00bb10\/12&Prime; css=\u00a0\u00bb.vc_custom_1550482221448{padding-bottom: 15px !important;}\u00a0\u00bb][vc_column_text css_animation=\u00a0\u00bbfadeInUp\u00a0\u00bb el_class=\u00a0\u00bbmagenta-title\u00a0\u00bb]<\/p>\n<h1 style=\"text-align: center;\">Boites \u00e0 rotule<\/h1>\n<p>[\/vc_column_text][vc_separator color=\u00a0\u00bbblack\u00a0\u00bb border_width=\u00a0\u00bb2&Prime; el_width=\u00a0\u00bb10&Prime; css_animation=\u00a0\u00bbfadeInUp\u00a0\u00bb][vc_column_text css_animation=\u00a0\u00bbfadeInUp\u00a0\u00bb]L\u2019accouplement entre la remorque et le v\u00e9hicule se fait \u00e0 travers des BOITES \u00c0 ROTULE, des composants de s\u00e9curit\u00e9 qui doivent respecter des r\u00e8glementations pr\u00e9cises (R\u00e8glement n \u00b0 55 de la Commission \u00e9conomique pour l\u2019Europe des Nations unies (CEE-ONU)).<\/p>\n<p>Les raccords de fabrication AXF sont de classe b50-x.<\/p>\n<p>Pour les port\u00e9es jusqu\u2019\u00e0 1000 kg pr\u00e9voir des BOITES \u00c0 ROTULE q50-60 et \u00f835, jusqu\u2019\u00e0 1500 kg des BOITES \u00c0 ROTULE \u00f835, de 1500 kg \u00e0 2800 kg des BOITES \u00c0 ROTULE \u00f850.[\/vc_column_text][vc_single_image image=\u00a0\u00bb2045&Prime; img_size=\u00a0\u00bbfull\u00a0\u00bb alignment=\u00a0\u00bbcenter\u00a0\u00bb][vc_raw_html]JTVCdGFibGUlMjBpZCUzRDQ4JTIwJTJGJTVE[\/vc_raw_html][vc_column_text]<a href=\"http:\/\/www.axf-axles.com\/fr\/contacts\/\">Contactez-nous pour plus d&rsquo;informations sur les approbations et les rapports d&rsquo;essais\u00a0<\/a>[\/vc_column_text][\/vc_column][vc_column width=\u00a0\u00bb1\/12&Prime;][\/vc_column][\/vc_row][vc_row full_width=\u00a0\u00bbstretch_row\u00a0\u00bb equal_height=\u00a0\u00bbyes\u00a0\u00bb content_placement=\u00a0\u00bbmiddle\u00a0\u00bb css=\u00a0\u00bb.vc_custom_1581322557879{padding-top: 25px !important;padding-bottom: 60px !important;background-color: #e2211c !important;background-position: center !important;background-repeat: no-repeat !important;background-size: cover !important;}\u00a0\u00bb el_class=\u00a0\u00bbfooter-cta\u00a0\u00bb][vc_column width=\u00a0\u00bb1\/6&Prime;][\/vc_column][vc_column color_style=\u00a0\u00bblight\u00a0\u00bb width=\u00a0\u00bb6\/12&Prime;][vc_column_text]<strong>THINK AXLES <span style=\"color: #fff;\">TALK MORE<\/span><\/strong><br \/>\nD\u00e9couvrez sans contrainte nos solutions \u00e0 vos exigences.[\/vc_column_text][\/vc_column][vc_column width=\u00a0\u00bb1\/6&Prime;]<div class=\"pix_button clear button-center\"><a href=\"http:\/\/www.axf-axles.com\/fr\/contacts\/\" title=\"Contacts\"  class=\"btn btn-outline btn-rectangle  btn-md colorbtn rounded-btn\">CONTACTEZ-NOUS<\/a><\/div>[\/vc_column][vc_column width=\u00a0\u00bb1\/6&Prime;][\/vc_column][\/vc_row]<\/p>\n","protected":false},"excerpt":{"rendered":"<p>[vc_row full_width=\u00a0\u00bbstretch_row_content_no_spaces\u00a0\u00bb content_placement=\u00a0\u00bbmiddle\u00a0\u00bb color_style=\u00a0\u00bblight\u00a0\u00bb css=\u00a0\u00bb.vc_custom_1591620401278{padding-top: 150px !important;padding-bottom: 90px !important;background-image: url(http:\/\/www.axf-axles.com\/wp-content\/uploads\/2020\/06\/header_02-1.jpg?id=1629) !important;background-position: center !important;background-repeat: no-repeat !important;background-size: cover !important;}\u00a0\u00bb el_class=\u00a0\u00bbcircle-header\u00a0\u00bb][vc_column width=\u00a0\u00bb1\/6&Prime;][\/vc_column][vc_column width=\u00a0\u00bb2\/3&Prime;][\/vc_column][vc_column width=\u00a0\u00bb1\/6&Prime;][\/vc_column][\/vc_row][vc_row full_width=\u00a0\u00bbstretch_row\u00a0\u00bb equal_height=\u00a0\u00bbyes\u00a0\u00bb content_placement=\u00a0\u00bbmiddle\u00a0\u00bb css=\u00a0\u00bb.vc_custom_1549962263854{padding-top: 60px !important;padding-bottom: 0px !important;background-position: center !important;background-repeat: no-repeat !important;background-size: cover !important;}\u00a0\u00bb][vc_column width=\u00a0\u00bb1\/12&Prime; set_column_height=\u00a0\u00bbyes\u00a0\u00bb column_height=\u00a0\u00bb540px\u00a0\u00bb][\/vc_column][vc_column width=\u00a0\u00bb10\/12&Prime; css=\u00a0\u00bb.vc_custom_1550482221448{padding-bottom:&#8230;<\/p>\n","protected":false},"author":1,"featured_media":0,"parent":2024,"menu_order":0,"comment_status":"closed","ping_status":"closed","template":"","meta":[],"_links":{"self":[{"href":"https:\/\/www.axf-axles.com\/fr\/wp-json\/wp\/v2\/pages\/2044"}],"collection":[{"href":"https:\/\/www.axf-axles.com\/fr\/wp-json\/wp\/v2\/pages"}],"about":[{"href":"https:\/\/www.axf-axles.com\/fr\/wp-json\/wp\/v2\/types\/page"}],"author":[{"embeddable":true,"href":"https:\/\/www.axf-axles.com\/fr\/wp-json\/wp\/v2\/users\/1"}],"replies":[{"embeddable":true,"href":"https:\/\/www.axf-axles.com\/fr\/wp-json\/wp\/v2\/comments?post=2044"}],"version-history":[{"count":6,"href":"https:\/\/www.axf-axles.com\/fr\/wp-json\/wp\/v2\/pages\/2044\/revisions"}],"predecessor-version":[{"id":2195,"href":"https:\/\/www.axf-axles.com\/fr\/wp-json\/wp\/v2\/pages\/2044\/revisions\/2195"}],"up":[{"embeddable":true,"href":"https:\/\/www.axf-axles.com\/fr\/wp-json\/wp\/v2\/pages\/2024"}],"wp:attachment":[{"href":"https:\/\/www.axf-axles.com\/fr\/wp-json\/wp\/v2\/media?parent=2044"}],"curies":[{"name":"wp","href":"https:\/\/api.w.org\/{rel}","templated":true}]}}