{"id":2077,"date":"2020-02-18T11:59:37","date_gmt":"2020-02-18T10:59:37","guid":{"rendered":"http:\/\/www.axf-axles.com\/ricambi\/"},"modified":"2020-09-09T09:50:35","modified_gmt":"2020-09-09T07:50:35","slug":"pieces-detachees","status":"publish","type":"page","link":"https:\/\/www.axf-axles.com\/fr\/pieces-detachees\/","title":{"rendered":"Pi\u00e8ces d\u00e9tach\u00e9es"},"content":{"rendered":"<p>[vc_row full_width=\u00a0\u00bbstretch_row_content_no_spaces\u00a0\u00bb content_placement=\u00a0\u00bbmiddle\u00a0\u00bb color_style=\u00a0\u00bblight\u00a0\u00bb css=\u00a0\u00bb.vc_custom_1591608757019{padding-top: 150px !important;padding-bottom: 90px !important;background-image: url(http:\/\/www.axf-axles.com\/wp-content\/uploads\/2020\/06\/header_02-1.jpg?id=1629) !important;background-position: center !important;background-repeat: no-repeat !important;background-size: cover !important;}\u00a0\u00bb el_class=\u00a0\u00bbcircle-header\u00a0\u00bb][vc_column width=\u00a0\u00bb1\/6&Prime;][\/vc_column][vc_column width=\u00a0\u00bb2\/3&Prime;]<div class=\" size-sm align-center clearfix  pix-animate-cre\" data-trans=\"fadeInUp\"  data-duration=\"\"  data-delay=\"\"><h1 class=\"main-title title \" style=\"font-size: 60px; \">Pi\u00e8ces d\u00e9tach\u00e9es<\/h1><\/div>[\/vc_column][vc_column width=\u00a0\u00bb1\/6&Prime;][\/vc_column][\/vc_row][vc_row full_width=\u00a0\u00bbstretch_row\u00a0\u00bb equal_height=\u00a0\u00bbyes\u00a0\u00bb content_placement=\u00a0\u00bbmiddle\u00a0\u00bb css=\u00a0\u00bb.vc_custom_1549962263854{padding-top: 60px !important;padding-bottom: 0px !important;background-position: center !important;background-repeat: no-repeat !important;background-size: cover !important;}\u00a0\u00bb][vc_column width=\u00a0\u00bb1\/12&Prime; set_column_height=\u00a0\u00bbyes\u00a0\u00bb column_height=\u00a0\u00bb540px\u00a0\u00bb][\/vc_column][vc_column width=\u00a0\u00bb10\/12&Prime; css=\u00a0\u00bb.vc_custom_1550482221448{padding-bottom: 15px !important;}\u00a0\u00bb][vc_column_text css_animation=\u00a0\u00bbfadeInUp\u00a0\u00bb el_class=\u00a0\u00bbmagenta-title\u00a0\u00bb]<\/p>\n<h1 style=\"text-align: center;\">Pi\u00e8ces d\u00e9tach\u00e9es<\/h1>\n<p>[\/vc_column_text][vc_separator color=\u00a0\u00bbblack\u00a0\u00bb border_width=\u00a0\u00bb2&Prime; el_width=\u00a0\u00bb10&Prime; css_animation=\u00a0\u00bbfadeInUp\u00a0\u00bb][vc_column_text css_animation=\u00a0\u00bbfadeInUp\u00a0\u00bb]L\u2019offre AXF comprend \u00e9galement un service de PI\u00c8CES D\u00c9TACH\u00c9ES ponctuel. La maintenance attentive de nos syst\u00e8mes de freinage et le remplacement des PI\u00c8CES D\u00c9TACH\u00c9ES sont essentiels pour le bon fonctionnement et la s\u00e9curit\u00e9 sur route des produits fournis.<\/p>\n<p>Tous les KIT de PI\u00c8CES D\u00c9TACH\u00c9ES AXF sont con\u00e7us selon la philosophie \u201cAll-in-one\u201d. En d\u2019autres termes, le KIT contient tous les articles n\u00e9cessaires \u00e0 la maintenance des pi\u00e8ces \u00e0 remplacer. AXF conseille une maintenance p\u00e9riodique effectu\u00e9e par un personnel professionnel et qualifi\u00e9 utilisant des PI\u00c8CES D\u00c9TACH\u00c9ES originales.[\/vc_column_text][vc_tta_accordion shape=\u00a0\u00bbsquare\u00a0\u00bb active_section=\u00a0\u00bb1&Prime; no_fill=\u00a0\u00bbtrue\u00a0\u00bb][vc_tta_section title=\u00a0\u00bbkit tambour\u00a0\u00bb tab_id=\u00a0\u00bbkit-tamburo\u00a0\u00bb][vc_single_image image=\u00a0\u00bb2083&Prime; img_size=\u00a0\u00bbfull\u00a0\u00bb alignment=\u00a0\u00bbcenter\u00a0\u00bb][vc_raw_html]JTVCdGFibGUlMjBpZCUzRDE3JTIwJTJGJTVE[\/vc_raw_html][vc_column_text]* OBSOLETO, DISPONIBILE FINO AD ESAURIMENTO SCORTE \/<br \/>\nOBSOL\u00c8TE, DISPONIBLE JUSQU&rsquo;\u00c0 \u00c9PUISEMENT DES STOCKS<br \/>\n** DISPONIBILE SU RICHIESTA \/<br \/>\nDISPONIBLE SUR DEMANDE<br \/>\nSTND STANDARD[\/vc_column_text][\/vc_tta_section][vc_tta_section title=\u00a0\u00bbkit c\u00e2bles frein\u00a0\u00bb tab_id=\u00a0\u00bbkit-funi\u00a0\u00bb][vc_single_image image=\u00a0\u00bb2085&Prime; img_size=\u00a0\u00bbfull\u00a0\u00bb alignment=\u00a0\u00bbcenter\u00a0\u00bb][vc_raw_html]JTVCdGFibGUlMjBpZCUzRDIxJTIwJTJGJTVE[\/vc_raw_html][vc_single_image image=\u00a0\u00bb2084&Prime; img_size=\u00a0\u00bbfull\u00a0\u00bb][vc_raw_html]JTVCdGFibGUlMjBpZCUzRDIwJTIwJTJGJTVE[\/vc_raw_html][\/vc_tta_section][vc_tta_section title=\u00a0\u00bbMachoires de frein\u00a0\u00bb tab_id=\u00a0\u00bbkit-masse-freno\u00a0\u00bb][vc_single_image image=\u00a0\u00bb2081&Prime; img_size=\u00a0\u00bbfull\u00a0\u00bb alignment=\u00a0\u00bbcenter\u00a0\u00bb][vc_raw_html]JTVCdGFibGUlMjBpZCUzRDE4JTIwJTJGJTVE[\/vc_raw_html][vc_column_text]STND STANDARD[\/vc_column_text][\/vc_tta_section][vc_tta_section title=\u00a0\u00bbPi\u00e8ces d\u00e9taches att\u00e9llage\u00a0\u00bb tab_id=\u00a0\u00bbricambi-repulsori\u00a0\u00bb][vc_single_image image=\u00a0\u00bb2082&Prime; img_size=\u00a0\u00bbfull\u00a0\u00bb alignment=\u00a0\u00bbcenter\u00a0\u00bb][vc_raw_html]JTVCdGFibGUlMjBpZCUzRDU1JTIwJTJGJTVE[\/vc_raw_html][\/vc_tta_section][\/vc_tta_accordion][\/vc_column][vc_column width=\u00a0\u00bb1\/12&Prime;][\/vc_column][\/vc_row][vc_row full_width=\u00a0\u00bbstretch_row\u00a0\u00bb equal_height=\u00a0\u00bbyes\u00a0\u00bb content_placement=\u00a0\u00bbmiddle\u00a0\u00bb css=\u00a0\u00bb.vc_custom_1581322557879{padding-top: 25px !important;padding-bottom: 60px !important;background-color: #e2211c !important;background-position: center !important;background-repeat: no-repeat !important;background-size: cover !important;}\u00a0\u00bb el_class=\u00a0\u00bbfooter-cta\u00a0\u00bb][vc_column width=\u00a0\u00bb1\/6&Prime;][\/vc_column][vc_column color_style=\u00a0\u00bblight\u00a0\u00bb width=\u00a0\u00bb6\/12&Prime;][vc_column_text]<strong>THINK AXLES <span style=\"color: #fff;\">TALK MORE<\/span><\/strong><br \/>\nD\u00e9couvrez sans contrainte nos solutions \u00e0 vos exigences.[\/vc_column_text][\/vc_column][vc_column width=\u00a0\u00bb1\/6&Prime;]<div class=\"pix_button clear button-center\"><a href=\"http:\/\/www.axf-axles.com\/fr\/contacts\/\" title=\"Contacts\"  class=\"btn btn-outline btn-rectangle  btn-md colorbtn rounded-btn\">CONTACTEZ-NOUS<\/a><\/div>[\/vc_column][vc_column width=\u00a0\u00bb1\/6&Prime;][\/vc_column][\/vc_row]<\/p>\n","protected":false},"excerpt":{"rendered":"<p>[vc_row full_width=\u00a0\u00bbstretch_row_content_no_spaces\u00a0\u00bb content_placement=\u00a0\u00bbmiddle\u00a0\u00bb color_style=\u00a0\u00bblight\u00a0\u00bb css=\u00a0\u00bb.vc_custom_1591608757019{padding-top: 150px !important;padding-bottom: 90px !important;background-image: url(http:\/\/www.axf-axles.com\/wp-content\/uploads\/2020\/06\/header_02-1.jpg?id=1629) !important;background-position: center !important;background-repeat: no-repeat !important;background-size: cover !important;}\u00a0\u00bb el_class=\u00a0\u00bbcircle-header\u00a0\u00bb][vc_column width=\u00a0\u00bb1\/6&Prime;][\/vc_column][vc_column width=\u00a0\u00bb2\/3&Prime;][\/vc_column][vc_column width=\u00a0\u00bb1\/6&Prime;][\/vc_column][\/vc_row][vc_row full_width=\u00a0\u00bbstretch_row\u00a0\u00bb equal_height=\u00a0\u00bbyes\u00a0\u00bb content_placement=\u00a0\u00bbmiddle\u00a0\u00bb css=\u00a0\u00bb.vc_custom_1549962263854{padding-top: 60px !important;padding-bottom: 0px !important;background-position: center !important;background-repeat: no-repeat !important;background-size: cover !important;}\u00a0\u00bb][vc_column width=\u00a0\u00bb1\/12&Prime; set_column_height=\u00a0\u00bbyes\u00a0\u00bb column_height=\u00a0\u00bb540px\u00a0\u00bb][\/vc_column][vc_column width=\u00a0\u00bb10\/12&Prime; css=\u00a0\u00bb.vc_custom_1550482221448{padding-bottom:&#8230;<\/p>\n","protected":false},"author":1,"featured_media":0,"parent":0,"menu_order":0,"comment_status":"closed","ping_status":"closed","template":"","meta":[],"_links":{"self":[{"href":"https:\/\/www.axf-axles.com\/fr\/wp-json\/wp\/v2\/pages\/2077"}],"collection":[{"href":"https:\/\/www.axf-axles.com\/fr\/wp-json\/wp\/v2\/pages"}],"about":[{"href":"https:\/\/www.axf-axles.com\/fr\/wp-json\/wp\/v2\/types\/page"}],"author":[{"embeddable":true,"href":"https:\/\/www.axf-axles.com\/fr\/wp-json\/wp\/v2\/users\/1"}],"replies":[{"embeddable":true,"href":"https:\/\/www.axf-axles.com\/fr\/wp-json\/wp\/v2\/comments?post=2077"}],"version-history":[{"count":7,"href":"https:\/\/www.axf-axles.com\/fr\/wp-json\/wp\/v2\/pages\/2077\/revisions"}],"predecessor-version":[{"id":2321,"href":"https:\/\/www.axf-axles.com\/fr\/wp-json\/wp\/v2\/pages\/2077\/revisions\/2321"}],"wp:attachment":[{"href":"https:\/\/www.axf-axles.com\/fr\/wp-json\/wp\/v2\/media?parent=2077"}],"curies":[{"name":"wp","href":"https:\/\/api.w.org\/{rel}","templated":true}]}}