{"id":2089,"date":"2020-02-19T10:13:36","date_gmt":"2020-02-19T09:13:36","guid":{"rendered":"http:\/\/www.axf-axles.com\/assali-su-misura\/"},"modified":"2020-08-03T16:23:14","modified_gmt":"2020-08-03T14:23:14","slug":"essieux-sur-mesure","status":"publish","type":"page","link":"https:\/\/www.axf-axles.com\/fr\/essieux-sur-mesure\/","title":{"rendered":"Essieux sur mesure"},"content":{"rendered":"<p>[vc_row full_width=\u00a0\u00bbstretch_row_content_no_spaces\u00a0\u00bb content_placement=\u00a0\u00bbmiddle\u00a0\u00bb color_style=\u00a0\u00bblight\u00a0\u00bb css=\u00a0\u00bb.vc_custom_1591608780882{padding-top: 150px !important;padding-bottom: 90px !important;background-image: url(http:\/\/www.axf-axles.com\/wp-content\/uploads\/2020\/06\/header_02-1.jpg?id=1629) !important;background-position: center !important;background-repeat: no-repeat !important;background-size: cover !important;}\u00a0\u00bb el_class=\u00a0\u00bbcircle-header\u00a0\u00bb][vc_column width=\u00a0\u00bb1\/6&Prime;][\/vc_column][vc_column width=\u00a0\u00bb2\/3&Prime;]<div class=\" size-sm align-center clearfix  pix-animate-cre\" data-trans=\"fadeInUp\"  data-duration=\"\"  data-delay=\"\"><h1 class=\"main-title title \" style=\"font-size: 60px; \">Essieux sur mesure<\/h1><\/div>[\/vc_column][vc_column width=\u00a0\u00bb1\/6&Prime;][\/vc_column][\/vc_row][vc_row full_width=\u00a0\u00bbstretch_row\u00a0\u00bb equal_height=\u00a0\u00bbyes\u00a0\u00bb content_placement=\u00a0\u00bbmiddle\u00a0\u00bb css=\u00a0\u00bb.vc_custom_1549962263854{padding-top: 60px !important;padding-bottom: 0px !important;background-position: center !important;background-repeat: no-repeat !important;background-size: cover !important;}\u00a0\u00bb][vc_column width=\u00a0\u00bb1\/12&Prime; set_column_height=\u00a0\u00bbyes\u00a0\u00bb column_height=\u00a0\u00bb540px\u00a0\u00bb][\/vc_column][vc_column width=\u00a0\u00bb10\/12&Prime; css=\u00a0\u00bb.vc_custom_1550482221448{padding-bottom: 15px !important;}\u00a0\u00bb][vc_column_text css_animation=\u00a0\u00bbfadeInUp\u00a0\u00bb el_class=\u00a0\u00bbmagenta-title\u00a0\u00bb]<\/p>\n<h1 style=\"text-align: center;\">Comment choisir un essieu<\/h1>\n<p>[\/vc_column_text][vc_separator color=\u00a0\u00bbblack\u00a0\u00bb border_width=\u00a0\u00bb2&Prime; el_width=\u00a0\u00bb10&Prime; css_animation=\u00a0\u00bbfadeInUp\u00a0\u00bb][vc_column_text css_animation=\u00a0\u00bbfadeInUp\u00a0\u00bb]Frenco, avec la division AXF, est l\u2019une des rares r\u00e9alit\u00e9s sur le march\u00e9 de r\u00e9f\u00e9rence \u00e0 offrir un service de forte personnalisation du produit final. Le moindre d\u00e9tail est d\u00e9velopp\u00e9 en fonction des diff\u00e9rentes exigences de fabrication du client. Les demandes sont analys\u00e9es et attentivement \u00e9tudi\u00e9es par le bureau technique en collaboration avec le client, en effectuant des contr\u00f4les de faisabilit\u00e9, des essais de charge et de performance g\u00e9n\u00e9raux.[\/vc_column_text][\/vc_column][vc_column width=\u00a0\u00bb1\/12&Prime;][\/vc_column][\/vc_row][vc_row full_width=\u00a0\u00bbstretch_row\u00a0\u00bb equal_height=\u00a0\u00bbyes\u00a0\u00bb content_placement=\u00a0\u00bbmiddle\u00a0\u00bb css=\u00a0\u00bb.vc_custom_1582193164172{margin-bottom: 0px !important;padding-top: 60px !important;padding-bottom: 60px !important;background-color: #ededec !important;background-position: center !important;background-repeat: no-repeat !important;background-size: cover !important;}\u00a0\u00bb][vc_column width=\u00a0\u00bb1\/12&Prime; set_column_height=\u00a0\u00bbyes\u00a0\u00bb column_height=\u00a0\u00bb540px\u00a0\u00bb][\/vc_column][vc_column width=\u00a0\u00bb10\/12&Prime; css=\u00a0\u00bb.vc_custom_1550482221448{padding-bottom: 15px !important;}\u00a0\u00bb][vc_column_text css_animation=\u00a0\u00bbfadeInUp\u00a0\u00bb el_class=\u00a0\u00bbmagenta-title\u00a0\u00bb]<\/p>\n<h2 style=\"text-align: center;\">Configurez votre essieu<\/h2>\n<p>[\/vc_column_text][vc_separator color=\u00a0\u00bbblack\u00a0\u00bb border_width=\u00a0\u00bb2&Prime; el_width=\u00a0\u00bb10&Prime; css_animation=\u00a0\u00bbfadeInUp\u00a0\u00bb][vc_column_text css_animation=\u00a0\u00bbfadeInUp\u00a0\u00bb]AXF est en mesure de vous fournir pr\u00e9cis\u00e9ment le produit dont vous avez besoin, mais pour cela, nous avons besoin de votre aide! Au moment de l\u2019achat d\u2019un essieu, il est raisonnable de tenir compte des sp\u00e9cifications techniques du produit:[\/vc_column_text][vc_single_image image=\u00a0\u00bb2090&Prime; img_size=\u00a0\u00bbfull\u00a0\u00bb alignment=\u00a0\u00bbcenter\u00a0\u00bb css=\u00a0\u00bb.vc_custom_1582193569838{margin-bottom: 40px !important;}\u00a0\u00bb]<div role=\"form\" class=\"wpcf7\" id=\"wpcf7-f2095-o1\" lang=\"it-IT\" dir=\"ltr\">\n<div class=\"screen-reader-response\"><p role=\"status\" aria-live=\"polite\" aria-atomic=\"true\"><\/p> <ul><\/ul><\/div>\n<form action=\"\/fr\/wp-json\/wp\/v2\/pages\/2089#wpcf7-f2095-o1\" method=\"post\" class=\"wpcf7-form init\" novalidate=\"novalidate\" data-status=\"init\">\n<div style=\"display: none;\">\n<input type=\"hidden\" name=\"_wpcf7\" value=\"2095\" \/>\n<input type=\"hidden\" name=\"_wpcf7_version\" value=\"5.6.1\" \/>\n<input type=\"hidden\" name=\"_wpcf7_locale\" value=\"it_IT\" \/>\n<input type=\"hidden\" name=\"_wpcf7_unit_tag\" value=\"wpcf7-f2095-o1\" \/>\n<input type=\"hidden\" name=\"_wpcf7_container_post\" value=\"0\" \/>\n<input type=\"hidden\" name=\"_wpcf7_posted_data_hash\" value=\"\" \/>\n<input type=\"hidden\" name=\"_wpcf7_recaptcha_response\" value=\"\" \/>\n<\/div>\n<div class=\"contactForm tailormade-form\">\n<div class=\"row\">\n<div class=\"col-md-6\">\n            <label for=\"contactname\">PR\u00c9NOM ET NOM: <span class=\"color\">*<\/span><\/label><br \/>\n            <span class=\"wpcf7-form-control-wrap\" data-name=\"your-name\"><input type=\"text\" name=\"your-name\" value=\"\" size=\"40\" class=\"wpcf7-form-control wpcf7-text wpcf7-validates-as-required required textfield subject\" aria-required=\"true\" aria-invalid=\"false\" \/><\/span>\n        <\/div>\n<div class=\"col-md-6\">\n            <label for=\"email\">COURRIEL: <span class=\"color\">*<\/span><\/label><br \/>\n            <span class=\"wpcf7-form-control-wrap\" data-name=\"your-email\"><input type=\"email\" name=\"your-email\" value=\"\" size=\"40\" class=\"wpcf7-form-control wpcf7-text wpcf7-email wpcf7-validates-as-required wpcf7-validates-as-email required textfield subject\" aria-required=\"true\" aria-invalid=\"false\" \/><\/span>\n        <\/div>\n<div class=\"col-md-6\">\n            <label for=\"subject\">SOCI\u00c9T\u00c9:  <span class=\"color\">*<\/span><\/label><br \/>\n            <span class=\"wpcf7-form-control-wrap\" data-name=\"your-company\"><input type=\"text\" name=\"your-company\" value=\"\" size=\"40\" class=\"wpcf7-form-control wpcf7-text required textfield subject\" aria-invalid=\"false\" \/><\/span>\n        <\/div>\n<div class=\"col-md-6\">\n            <label for=\"subject\">PORTABLE:<\/label><br \/>\n            <span class=\"wpcf7-form-control-wrap\" data-name=\"your-phone\"><input type=\"text\" name=\"your-phone\" value=\"\" size=\"40\" class=\"wpcf7-form-control wpcf7-text required textfield subject\" aria-invalid=\"false\" \/><\/span>\n        <\/div>\n<\/div>\n<div class=\"row\">\n<div class=\"col-md-12\">\n<hr style=\"margin: 40px 0 20px; background-color: #e2211c;\">\n        <\/div>\n<\/div>\n<div class=\"row tailormade-row\">\n<div class=\"col-md-6 tailormade-label\">\n            01. TYPOLOGIE ESSIEU*\n        <\/div>\n<div class=\"col-md-6\">\n            <span class=\"wpcf7-form-control-wrap\" data-name=\"your-axles-type\"><span class=\"wpcf7-form-control wpcf7-radio\"><span class=\"wpcf7-list-item first\"><input type=\"radio\" name=\"your-axles-type\" value=\"Essieux frein\u00e9s\" \/><span class=\"wpcf7-list-item-label\">Essieux frein\u00e9s<\/span><\/span><span class=\"wpcf7-list-item last\"><input type=\"radio\" name=\"your-axles-type\" value=\"Essieux non frein\u00e9s\" \/><span class=\"wpcf7-list-item-label\">Essieux non frein\u00e9s<\/span><\/span><\/span><\/span>\n        <\/div>\n<\/div>\n<div class=\"row tailormade-row\">\n<div class=\"col-md-6 tailormade-label\">\n            02. PORT\u00c9E (Kg)*\n        <\/div>\n<div class=\"col-md-6\">\n            <span class=\"wpcf7-form-control-wrap\" data-name=\"your-axles-weight\"><select name=\"your-axles-weight\" class=\"wpcf7-form-control wpcf7-select\" aria-invalid=\"false\"><option value=\"\">PORT\u00c9E<\/option><option value=\"500\">500<\/option><option value=\"750\">750<\/option><option value=\"900\">900<\/option><option value=\"1000\">1000<\/option><option value=\"1100\">1100<\/option><option value=\"1500\">1500<\/option><option value=\"1600\">1600<\/option><option value=\"1800\">1800<\/option><option value=\"2500\">2500<\/option><option value=\"3500\">3500<\/option><\/select><\/span>\n        <\/div>\n<\/div>\n<div class=\"row tailormade-row\">\n<div class=\"col-md-6 tailormade-label\">\n            03. FIXATION DE ROUE (P.C.D.)*\n        <\/div>\n<div class=\"col-md-6\">\n            <span class=\"wpcf7-form-control-wrap\" data-name=\"your-wheel\"><select name=\"your-wheel\" class=\"wpcf7-form-control wpcf7-select\" aria-invalid=\"false\"><option value=\"\">FIXATION DE ROUE<\/option><option value=\"056\">056<\/option><option value=\"058\">058<\/option><option value=\"066\">066<\/option><option value=\"093\">093<\/option><option value=\"160\">160<\/option><option value=\"LR\">LR<\/option><option value=\"NS\">NS<\/option><\/select><\/span>\n        <\/div>\n<\/div>\n<div class=\"row tailormade-row\">\n<div class=\"col-md-6 tailormade-label\">\n            04. EAB, COTE (A* en millim\u00e8tres)*\n        <\/div>\n<div class=\"col-md-6\">\n            <span class=\"wpcf7-form-control-wrap\" data-name=\"your-interasse\"><input type=\"text\" name=\"your-interasse\" value=\"\" size=\"40\" class=\"wpcf7-form-control wpcf7-text wpcf7-validates-as-required\" aria-required=\"true\" aria-invalid=\"false\" \/><\/span>\n        <\/div>\n<\/div>\n<div class=\"row tailormade-row\">\n<div class=\"col-md-6 tailormade-label\">\n            05. VOIE, COTE (B en millim\u00e8tres)*\n        <\/div>\n<div class=\"col-md-6\">\n            <span class=\"wpcf7-form-control-wrap\" data-name=\"your-carreggiata\"><input type=\"text\" name=\"your-carreggiata\" value=\"\" size=\"40\" class=\"wpcf7-form-control wpcf7-text wpcf7-validates-as-required\" aria-required=\"true\" aria-invalid=\"false\" \/><\/span>\n        <\/div>\n<\/div>\n<div class=\"row tailormade-row\">\n<div class=\"col-md-6 tailormade-label\">\n            06.  ESSIEU*\n        <\/div>\n<div class=\"col-md-6\">\n            <span class=\"wpcf7-form-control-wrap\" data-name=\"your-asse\"><span class=\"wpcf7-form-control wpcf7-radio\"><span class=\"wpcf7-list-item first\"><input type=\"radio\" name=\"your-asse\" value=\"ESSIEU simple\" \/><span class=\"wpcf7-list-item-label\">ESSIEU simple<\/span><\/span><span class=\"wpcf7-list-item last\"><input type=\"radio\" name=\"your-asse\" value=\"Essieux en tandem\" \/><span class=\"wpcf7-list-item-label\">Essieux en tandem<\/span><\/span><\/span><\/span>\n        <\/div>\n<\/div>\n<div class=\"row tailormade-row\">\n<div class=\"col-md-6 tailormade-label\">\n            07. C\u00c2BLES FREIN*\n        <\/div>\n<div class=\"col-md-6\">\n            <span class=\"wpcf7-form-control-wrap\" data-name=\"your-cavi\"><span class=\"wpcf7-form-control wpcf7-acceptance optional\"><span class=\"wpcf7-list-item\"><input type=\"checkbox\" name=\"your-cavi\" value=\"1\" aria-invalid=\"false\" \/><\/span><\/span><\/span>\n        <\/div>\n<\/div>\n<div class=\"row tailormade-row\">\n<div class=\"col-md-6 tailormade-label\">\n            08. TYPOLOGIE DISPOSITIFS \u00c0 INERTIE*\n        <\/div>\n<div class=\"col-md-6\">\n            <span class=\"wpcf7-form-control-wrap\" data-name=\"your-repulsore\"><span class=\"wpcf7-form-control wpcf7-checkbox wpcf7-exclusive-checkbox\"><span class=\"wpcf7-list-item first\"><input type=\"checkbox\" name=\"your-repulsore\" value=\"CARR\u00c9\" \/><span class=\"wpcf7-list-item-label\">CARR\u00c9<\/span><\/span><span class=\"wpcf7-list-item last\"><input type=\"checkbox\" name=\"your-repulsore\" value=\"\u00c0 V\" \/><span class=\"wpcf7-list-item-label\">\u00c0 V<\/span><\/span><\/span><\/span>\n        <\/div>\n<\/div>\n<div class=\"row tailormade-row\">\n<div class=\"col-md-6 tailormade-label\">\n            09. DISPOSITIFS \u00c0 INERTIE (Kg)*\n        <\/div>\n<div class=\"col-md-6\">\n            <span class=\"wpcf7-form-control-wrap\" data-name=\"your-portata-repulsore\"><select name=\"your-portata-repulsore\" class=\"wpcf7-form-control wpcf7-select\" aria-invalid=\"false\"><option value=\"\">PORT\u00c9E<\/option><option value=\"1000\">1000<\/option><option value=\"1500\">1500<\/option><option value=\"1800\">1800<\/option><option value=\"2800\">2800<\/option><\/select><\/span>\n        <\/div>\n<\/div>\n<div class=\"row\">\n<div class=\"col-md-12\">\n<hr style=\"margin: 20px 0 40px; background-color: #e2211c;\">\n        <\/div>\n<\/div>\n<div class=\"row tailormade-row\">\n<div class=\"col-md-8\">\n            <span class=\"wpcf7-form-control-wrap\" data-name=\"acceptance-425\"><span class=\"wpcf7-form-control wpcf7-acceptance\"><span class=\"wpcf7-list-item\"><label><input type=\"checkbox\" name=\"acceptance-425\" value=\"1\" aria-invalid=\"false\" \/><span class=\"wpcf7-list-item-label\">J\u2019autorise le traitement de mes donn\u00e9es \u00e0 caract\u00e8re personnel (<a href=\"\/fr\/privacy-policy\/\">lire la politique de confidentialit\u00e9<\/a>)<\/span><\/label><\/span><\/span><\/span>\n        <\/div>\n<div class=\"col-md-4\"><input type=\"submit\" value=\"Soumettre\" class=\"wpcf7-form-control has-spinner wpcf7-submit btn btn-outline btn-rectangle btn-md colorbtn rounded-btn\" \/><\/div>\n<\/div>\n<\/div>\n<div class=\"wpcf7-response-output\" aria-hidden=\"true\"><\/div><\/form><\/div>[\/vc_column][vc_column width=\u00a0\u00bb1\/12&Prime;][\/vc_column][\/vc_row][vc_row full_width=\u00a0\u00bbstretch_row\u00a0\u00bb equal_height=\u00a0\u00bbyes\u00a0\u00bb content_placement=\u00a0\u00bbmiddle\u00a0\u00bb css=\u00a0\u00bb.vc_custom_1581322557879{padding-top: 25px !important;padding-bottom: 60px !important;background-color: #e2211c !important;background-position: center !important;background-repeat: no-repeat !important;background-size: cover !important;}\u00a0\u00bb el_class=\u00a0\u00bbfooter-cta\u00a0\u00bb][vc_column width=\u00a0\u00bb1\/6&Prime;][\/vc_column][vc_column color_style=\u00a0\u00bblight\u00a0\u00bb width=\u00a0\u00bb6\/12&Prime;][vc_column_text]<strong>THINK AXLES <span style=\"color: #fff;\">TALK MORE<\/span><\/strong><br \/>\nD\u00e9couvrez sans contrainte nos solutions \u00e0 vos exigences.[\/vc_column_text][\/vc_column][vc_column width=\u00a0\u00bb1\/6&Prime;]<div class=\"pix_button clear button-center\"><a href=\"http:\/\/www.axf-axles.com\/fr\/contacts\/\" title=\"Contacts\"  class=\"btn btn-outline btn-rectangle  btn-md colorbtn rounded-btn\">CONTACTEZ-NOUS<\/a><\/div>[\/vc_column][vc_column width=\u00a0\u00bb1\/6&Prime;][\/vc_column][\/vc_row]<\/p>\n","protected":false},"excerpt":{"rendered":"<p>[vc_row full_width=\u00a0\u00bbstretch_row_content_no_spaces\u00a0\u00bb content_placement=\u00a0\u00bbmiddle\u00a0\u00bb color_style=\u00a0\u00bblight\u00a0\u00bb css=\u00a0\u00bb.vc_custom_1591608780882{padding-top: 150px !important;padding-bottom: 90px !important;background-image: url(http:\/\/www.axf-axles.com\/wp-content\/uploads\/2020\/06\/header_02-1.jpg?id=1629) !important;background-position: center !important;background-repeat: no-repeat !important;background-size: cover !important;}\u00a0\u00bb el_class=\u00a0\u00bbcircle-header\u00a0\u00bb][vc_column width=\u00a0\u00bb1\/6&Prime;][\/vc_column][vc_column width=\u00a0\u00bb2\/3&Prime;][\/vc_column][vc_column width=\u00a0\u00bb1\/6&Prime;][\/vc_column][\/vc_row][vc_row full_width=\u00a0\u00bbstretch_row\u00a0\u00bb equal_height=\u00a0\u00bbyes\u00a0\u00bb content_placement=\u00a0\u00bbmiddle\u00a0\u00bb css=\u00a0\u00bb.vc_custom_1549962263854{padding-top: 60px !important;padding-bottom: 0px !important;background-position: center !important;background-repeat: no-repeat !important;background-size: cover !important;}\u00a0\u00bb][vc_column width=\u00a0\u00bb1\/12&Prime; set_column_height=\u00a0\u00bbyes\u00a0\u00bb column_height=\u00a0\u00bb540px\u00a0\u00bb][\/vc_column][vc_column width=\u00a0\u00bb10\/12&Prime; css=\u00a0\u00bb.vc_custom_1550482221448{padding-bottom:&#8230;<\/p>\n","protected":false},"author":1,"featured_media":0,"parent":0,"menu_order":0,"comment_status":"closed","ping_status":"closed","template":"","meta":[],"_links":{"self":[{"href":"https:\/\/www.axf-axles.com\/fr\/wp-json\/wp\/v2\/pages\/2089"}],"collection":[{"href":"https:\/\/www.axf-axles.com\/fr\/wp-json\/wp\/v2\/pages"}],"about":[{"href":"https:\/\/www.axf-axles.com\/fr\/wp-json\/wp\/v2\/types\/page"}],"author":[{"embeddable":true,"href":"https:\/\/www.axf-axles.com\/fr\/wp-json\/wp\/v2\/users\/1"}],"replies":[{"embeddable":true,"href":"https:\/\/www.axf-axles.com\/fr\/wp-json\/wp\/v2\/comments?post=2089"}],"version-history":[{"count":6,"href":"https:\/\/www.axf-axles.com\/fr\/wp-json\/wp\/v2\/pages\/2089\/revisions"}],"predecessor-version":[{"id":2102,"href":"https:\/\/www.axf-axles.com\/fr\/wp-json\/wp\/v2\/pages\/2089\/revisions\/2102"}],"wp:attachment":[{"href":"https:\/\/www.axf-axles.com\/fr\/wp-json\/wp\/v2\/media?parent=2089"}],"curies":[{"name":"wp","href":"https:\/\/api.w.org\/{rel}","templated":true}]}}