{"id":2097,"date":"2019-02-13T09:20:19","date_gmt":"2019-02-13T08:20:19","guid":{"rendered":"http:\/\/www.axf-axles.com\/contatti\/"},"modified":"2020-08-03T16:22:19","modified_gmt":"2020-08-03T14:22:19","slug":"contacts","status":"publish","type":"page","link":"https:\/\/www.axf-axles.com\/fr\/contacts\/","title":{"rendered":"Contacts"},"content":{"rendered":"<p>[vc_row full_width=\u00a0\u00bbstretch_row_content_no_spaces\u00a0\u00bb content_placement=\u00a0\u00bbmiddle\u00a0\u00bb color_style=\u00a0\u00bblight\u00a0\u00bb css=\u00a0\u00bb.vc_custom_1556533197966{padding-top: 20px !important;padding-bottom: 40px !important;background-image: url(http:\/\/www.axf-axles.com\/wp-content\/uploads\/2019\/02\/SFONDO1.jpg?id=20) !important;background-position: center !important;background-repeat: no-repeat !important;background-size: cover !important;}\u00a0\u00bb el_class=\u00a0\u00bbcircle-header\u00a0\u00bb][vc_column width=\u00a0\u00bb1\/6&Prime;][\/vc_column][vc_column width=\u00a0\u00bb2\/3&Prime;]<div class=\" size-sm align-center clearfix  pix-animate-cre\" data-trans=\"fadeInUp\"  data-duration=\"\"  data-delay=\"\"><h1 class=\"main-title title \" style=\"font-size: 60px; \">Contacts<\/h1><\/div>[\/vc_column][vc_column width=\u00a0\u00bb1\/6&Prime;][\/vc_column][\/vc_row][vc_row full_width=\u00a0\u00bbstretch_row\u00a0\u00bb equal_height=\u00a0\u00bbyes\u00a0\u00bb content_placement=\u00a0\u00bbmiddle\u00a0\u00bb css=\u00a0\u00bb.vc_custom_1549962263854{padding-top: 60px !important;padding-bottom: 0px !important;background-position: center !important;background-repeat: no-repeat !important;background-size: cover !important;}\u00a0\u00bb][vc_column width=\u00a0\u00bb1\/6&Prime; set_column_height=\u00a0\u00bbyes\u00a0\u00bb column_height=\u00a0\u00bb540px\u00a0\u00bb][\/vc_column][vc_column width=\u00a0\u00bb2\/3&Prime;][vc_column_text css_animation=\u00a0\u00bbfadeInUp\u00a0\u00bb el_class=\u00a0\u00bbmagenta-title\u00a0\u00bb]<\/p>\n<h2 style=\"text-align: center;\">Contacts<\/h2>\n<p>[\/vc_column_text][vc_separator color=\u00a0\u00bbblack\u00a0\u00bb border_width=\u00a0\u00bb2&Prime; el_width=\u00a0\u00bb10&Prime; css_animation=\u00a0\u00bbfadeInUp\u00a0\u00bb][vc_column_text css_animation=\u00a0\u00bbfadeInUp\u00a0\u00bb]<\/p>\n<p style=\"text-align: center;\"><strong>FRENCO S.r.l.<\/strong><br \/>\nVia Indipendenza 5\/7, 25018 Novagli di Montichiari (BS)<br \/>\nT. 030 9981758 F. 030 9981779 M. <span style=\"color: #333333;\"><a style=\"color: #333333;\" href=\"mailto:info@FRENCOsrl.it\">info@FRENCOsrl.it<\/a><\/span><\/p>\n<p style=\"text-align: center;\"><strong>Sites de production<br \/>\n<\/strong>Via Indipendenza 5\/7 \u2013 25018 Novagli di Montichiari (BS)<br \/>\nVia Ercoliani, 130 &#8211; 25013 Carpenedolo (BS)<\/p>\n<p>[\/vc_column_text][\/vc_column][vc_column width=\u00a0\u00bb1\/6&Prime;][\/vc_column][\/vc_row][vc_row full_width=\u00a0\u00bbstretch_row\u00a0\u00bb equal_height=\u00a0\u00bbyes\u00a0\u00bb content_placement=\u00a0\u00bbmiddle\u00a0\u00bb css=\u00a0\u00bb.vc_custom_1550502170439{padding-top: 60px !important;padding-bottom: 60px !important;background-position: center !important;background-repeat: no-repeat !important;background-size: cover !important;}\u00a0\u00bb][vc_column width=\u00a0\u00bb2\/3&Prime; set_column_height=\u00a0\u00bbyes\u00a0\u00bb column_height=\u00a0\u00bb540px\u00a0\u00bb]<div role=\"form\" class=\"wpcf7\" id=\"wpcf7-f1107-o1\" lang=\"it-IT\" dir=\"ltr\">\n<div class=\"screen-reader-response\"><p role=\"status\" aria-live=\"polite\" aria-atomic=\"true\"><\/p> <ul><\/ul><\/div>\n<form action=\"\/fr\/wp-json\/wp\/v2\/pages\/2097#wpcf7-f1107-o1\" method=\"post\" class=\"wpcf7-form init\" novalidate=\"novalidate\" data-status=\"init\">\n<div style=\"display: none;\">\n<input type=\"hidden\" name=\"_wpcf7\" value=\"1107\" \/>\n<input type=\"hidden\" name=\"_wpcf7_version\" value=\"5.6.1\" \/>\n<input type=\"hidden\" name=\"_wpcf7_locale\" value=\"it_IT\" \/>\n<input type=\"hidden\" name=\"_wpcf7_unit_tag\" value=\"wpcf7-f1107-o1\" \/>\n<input type=\"hidden\" name=\"_wpcf7_container_post\" value=\"0\" \/>\n<input type=\"hidden\" name=\"_wpcf7_posted_data_hash\" value=\"\" \/>\n<input type=\"hidden\" name=\"_wpcf7_recaptcha_response\" value=\"\" \/>\n<\/div>\n<div class=\"contactForm\">\n<div class=\"row\">\n<p class=\"col-md-4\">\n\t\t\t\t\t\t   <label for=\"contactname\">Pr\u00e9nom et nom: <span class=\"color\">*<\/span><\/label><br \/>\n\t\t\t\t\t\t   <span class=\"wpcf7-form-control-wrap\" data-name=\"your-name\"><input type=\"text\" name=\"your-name\" value=\"\" size=\"40\" class=\"wpcf7-form-control wpcf7-text wpcf7-validates-as-required required textfield subject\" aria-required=\"true\" aria-invalid=\"false\" \/><\/span>\n\t\t\t\t\t   <\/p>\n<p class=\"col-md-4\">\n\t\t\t\t\t\t   <label for=\"email\">Mail: <span class=\"color\">*<\/span><\/label><br \/>\n\t\t\t\t\t\t   <span class=\"wpcf7-form-control-wrap\" data-name=\"your-email\"><input type=\"email\" name=\"your-email\" value=\"\" size=\"40\" class=\"wpcf7-form-control wpcf7-text wpcf7-email wpcf7-validates-as-required wpcf7-validates-as-email required textfield subject\" aria-required=\"true\" aria-invalid=\"false\" \/><\/span>\n\t\t\t\t\t   <\/p>\n<p class=\"col-md-4\">\n\t\t\t\t\t\t   <label for=\"subject\">Entreprise:  <span class=\"color\">*<\/span><\/label><br \/>\n\t\t\t\t\t\t   <span class=\"wpcf7-form-control-wrap\" data-name=\"your-subject\"><input type=\"text\" name=\"your-subject\" value=\"\" size=\"40\" class=\"wpcf7-form-control wpcf7-text required textfield subject\" aria-invalid=\"false\" \/><\/span>\n\t\t\t\t\t   <\/p>\n<\/div>\n<p class=\"text-area clear\">\n\t\t\t\t\t\t   <label for=\"message\">Message:  <span class=\"color\">*<\/span><\/label><br \/>\n\t\t\t\t\t\t   <span class=\"wpcf7-form-control-wrap\" data-name=\"your-message\"><textarea name=\"your-message\" cols=\"40\" rows=\"10\" class=\"wpcf7-form-control wpcf7-textarea required textfield subject\" aria-invalid=\"false\"><\/textarea><\/span>\n\t\t\t\t\t   <\/p>\n<p>\t\t\t\t\t   <span class=\"wpcf7-form-control-wrap\" data-name=\"acceptance-425\"><span class=\"wpcf7-form-control wpcf7-acceptance\"><span class=\"wpcf7-list-item\"><label><input type=\"checkbox\" name=\"acceptance-425\" value=\"1\" aria-invalid=\"false\" \/><span class=\"wpcf7-list-item-label\">J\u2019autorise le traitement des donn\u00e9es \u00e0 caract\u00e8re personnel (<a href=\"\/fr\/privacy-policy\/\">lire la politique de confidentialit\u00e9<\/a>)<\/span><\/label><\/span><\/span><\/span><br \/>\n\t\t\t\t\t   <input type=\"submit\" value=\"Envoyer\" class=\"wpcf7-form-control has-spinner wpcf7-submit\" \/><\/p>\n<\/div>\n<div class=\"wpcf7-response-output\" aria-hidden=\"true\"><\/div><\/form><\/div>[\/vc_column][vc_column width=\u00a0\u00bb1\/3&Prime;]<div class=\"pix-map\"><div class=\"map_api\" id=\"map_canvas_1248\" style=\"width:100%; height:500px\"><\/div><\/div><script type=\"text\/javascript\">\r\n\t\t\tfunction initialize1248() {\r\n\t\t\t\tvar myLatlng = new google.maps.LatLng(45.390390,10.438060);\r\n\t\t\t\tvar styles = [\r\n\t\t\t\t\t{\r\n\t\t\t\t\t  stylers: [\r\n\t\t\t\t\t\t{ saturation: -100 }\r\n\t\t\t\t\t  ]\r\n\t\t\t\t\t},{\r\n\t\t\t\t\t  featureType: \"road\",\r\n\t\t\t\t\t  elementType: \"geometry\",\r\n\t\t\t\t\t  stylers: [\r\n\t\t\t\t\t\t{ lightness: 100 },\r\n\t\t\t\t\t\t{ visibility: \"simplified\" }\r\n\t\t\t\t\t  ]\r\n\t\t\t\t\t},{\r\n\t\t\t\t\t  featureType: \"road\",\r\n\t\t\t\t\t  elementType: \"labels\",\r\n\t\t\t\t\t  stylers: [\r\n\t\t\t\t\t\t{ visibility: \"off\" }\r\n\t\t\t\t\t  ]\r\n\t\t\t\t\t}\r\n\t\t\t\t  ];\r\n\r\n\t\t\t\tvar mapOptions = {\r\n\t\t\t\t\tcenter: myLatlng,\r\n\t\t\t\t\tscrollwheel : false,\r\n\t\t\t\t\tzoom: 12,\r\n\t\t\t\t\tpanControl: false,\r\n\t\t\t\t\tzoomControl: true,\r\n\t\t\t\t\tmapTypeControl: false,\r\n\t\t\t\t\tscaleControl: true,\r\n\t\t\t\t\tstreetViewControl: true,\r\n\t\t\t\t\toverviewMapControl: true,\r\n\t\t\t\t\tmapTypeId: google.maps.MapTypeId.ROADMAP,\r\n\t\t\t\t\tstyles: styles\r\n\t\t\t\t};\r\n\t\t\t\tvar map = new google.maps.Map(document.getElementById(\"map_canvas_1248\"),\r\n\t\t\t\t\tmapOptions);\r\n\t\t\t\tvar marker = new google.maps.Marker({\r\n\t\t\t\t\tposition: myLatlng\r\n\t\t\t\t});\r\n\t\t\t\tvar marker2 = new google.maps.Marker({\r\n\t\t\t\t\tposition: new google.maps.LatLng(\"45.375750\",\"10.440050\")\r\n\t\t\t\t});\r\n\r\n\t\t\t\tmarker.setMap(map);\r\n\t\t\t\tmarker2.setMap(map);\r\n\t\t\t}\r\n\r\n\t\t\tjQuery(window).load(function(){\r\n\t\t\t\tinitialize1248();\r\n\t\t\t});\r\n\r\n\t\t<\/script>[\/vc_column][\/vc_row][vc_row full_width=\u00a0\u00bbstretch_row\u00a0\u00bb equal_height=\u00a0\u00bbyes\u00a0\u00bb content_placement=\u00a0\u00bbmiddle\u00a0\u00bb css=\u00a0\u00bb.vc_custom_1581322557879{padding-top: 25px !important;padding-bottom: 60px !important;background-color: #e2211c !important;background-position: center !important;background-repeat: no-repeat !important;background-size: cover !important;}\u00a0\u00bb el_class=\u00a0\u00bbfooter-cta\u00a0\u00bb][vc_column width=\u00a0\u00bb1\/6&Prime;][\/vc_column][vc_column color_style=\u00a0\u00bblight\u00a0\u00bb width=\u00a0\u00bb6\/12&Prime;][vc_column_text]<strong>THINK AXLES <span style=\"color: #fff;\">TALK MORE<\/span><\/strong><br \/>\nD\u00e9couvrez sans contrainte nos solutions \u00e0 vos exigences.[\/vc_column_text][\/vc_column][vc_column width=\u00a0\u00bb1\/6&Prime;][\/vc_column][vc_column width=\u00a0\u00bb1\/6&Prime;][\/vc_column][\/vc_row]<\/p>\n","protected":false},"excerpt":{"rendered":"<p>[vc_row full_width=\u00a0\u00bbstretch_row_content_no_spaces\u00a0\u00bb content_placement=\u00a0\u00bbmiddle\u00a0\u00bb color_style=\u00a0\u00bblight\u00a0\u00bb css=\u00a0\u00bb.vc_custom_1556533197966{padding-top: 20px !important;padding-bottom: 40px !important;background-image: url(http:\/\/www.axf-axles.com\/wp-content\/uploads\/2019\/02\/SFONDO1.jpg?id=20) !important;background-position: center !important;background-repeat: no-repeat !important;background-size: cover !important;}\u00a0\u00bb el_class=\u00a0\u00bbcircle-header\u00a0\u00bb][vc_column width=\u00a0\u00bb1\/6&Prime;][\/vc_column][vc_column width=\u00a0\u00bb2\/3&Prime;][\/vc_column][vc_column width=\u00a0\u00bb1\/6&Prime;][\/vc_column][\/vc_row][vc_row full_width=\u00a0\u00bbstretch_row\u00a0\u00bb equal_height=\u00a0\u00bbyes\u00a0\u00bb content_placement=\u00a0\u00bbmiddle\u00a0\u00bb css=\u00a0\u00bb.vc_custom_1549962263854{padding-top: 60px !important;padding-bottom: 0px !important;background-position: center !important;background-repeat: no-repeat !important;background-size: cover !important;}\u00a0\u00bb][vc_column width=\u00a0\u00bb1\/6&Prime; set_column_height=\u00a0\u00bbyes\u00a0\u00bb column_height=\u00a0\u00bb540px\u00a0\u00bb][\/vc_column][vc_column width=\u00a0\u00bb2\/3&Prime;][vc_column_text css_animation=\u00a0\u00bbfadeInUp\u00a0\u00bb&#8230;<\/p>\n","protected":false},"author":1,"featured_media":0,"parent":0,"menu_order":0,"comment_status":"closed","ping_status":"closed","template":"","meta":[],"_links":{"self":[{"href":"https:\/\/www.axf-axles.com\/fr\/wp-json\/wp\/v2\/pages\/2097"}],"collection":[{"href":"https:\/\/www.axf-axles.com\/fr\/wp-json\/wp\/v2\/pages"}],"about":[{"href":"https:\/\/www.axf-axles.com\/fr\/wp-json\/wp\/v2\/types\/page"}],"author":[{"embeddable":true,"href":"https:\/\/www.axf-axles.com\/fr\/wp-json\/wp\/v2\/users\/1"}],"replies":[{"embeddable":true,"href":"https:\/\/www.axf-axles.com\/fr\/wp-json\/wp\/v2\/comments?post=2097"}],"version-history":[{"count":4,"href":"https:\/\/www.axf-axles.com\/fr\/wp-json\/wp\/v2\/pages\/2097\/revisions"}],"predecessor-version":[{"id":2101,"href":"https:\/\/www.axf-axles.com\/fr\/wp-json\/wp\/v2\/pages\/2097\/revisions\/2101"}],"wp:attachment":[{"href":"https:\/\/www.axf-axles.com\/fr\/wp-json\/wp\/v2\/media?parent=2097"}],"curies":[{"name":"wp","href":"https:\/\/api.w.org\/{rel}","templated":true}]}}