{"id":2397,"date":"2021-07-23T09:41:26","date_gmt":"2021-07-23T07:41:26","guid":{"rendered":"http:\/\/www.axf-axles.com\/qualita\/"},"modified":"2023-11-24T13:43:20","modified_gmt":"2023-11-24T12:43:20","slug":"qualite","status":"publish","type":"page","link":"https:\/\/www.axf-axles.com\/fr\/qualite\/","title":{"rendered":"Qualit\u00e9"},"content":{"rendered":"<p>[vc_row full_width=\u00a0\u00bbstretch_row_content_no_spaces\u00a0\u00bb content_placement=\u00a0\u00bbmiddle\u00a0\u00bb color_style=\u00a0\u00bblight\u00a0\u00bb css=\u00a0\u00bb.vc_custom_1549964322448{padding-top: 150px !important;padding-bottom: 90px !important;background-image: url(http:\/\/www.frenco-italy.com\/wp-content\/uploads\/2019\/02\/qualita-header.jpg?id=10) !important;background-position: center !important;background-repeat: no-repeat !important;background-size: cover !important;}\u00a0\u00bb el_class=\u00a0\u00bbcircle-header\u00a0\u00bb][vc_column width=\u00a0\u00bb1\/6&Prime;][\/vc_column][vc_column width=\u00a0\u00bb2\/3&Prime;]<div class=\" size-sm align-center clearfix  pix-animate-cre\" data-trans=\"fadeInUp\"  data-duration=\"\"  data-delay=\"\"><h1 class=\"main-title title \" style=\"font-size: 60px; \">Qualit\u00e9<\/h1><\/div>[\/vc_column][vc_column width=\u00a0\u00bb1\/6&Prime;][\/vc_column][\/vc_row][vc_row full_width=\u00a0\u00bbstretch_row\u00a0\u00bb equal_height=\u00a0\u00bbyes\u00a0\u00bb content_placement=\u00a0\u00bbmiddle\u00a0\u00bb css=\u00a0\u00bb.vc_custom_1549962263854{padding-top: 60px !important;padding-bottom: 0px !important;background-position: center !important;background-repeat: no-repeat !important;background-size: cover !important;}\u00a0\u00bb][vc_column width=\u00a0\u00bb1\/6&Prime; set_column_height=\u00a0\u00bbyes\u00a0\u00bb column_height=\u00a0\u00bb540px\u00a0\u00bb][\/vc_column][vc_column width=\u00a0\u00bb2\/3&Prime; css=\u00a0\u00bb.vc_custom_1550488561058{padding-bottom: 15px !important;}\u00a0\u00bb][vc_column_text css_animation=\u00a0\u00bbfadeInUp\u00a0\u00bb el_class=\u00a0\u00bbmagenta-title\u00a0\u00bb]<\/p>\n<h2 style=\"text-align: center;\">Contr\u00f4le qualit\u00e9<\/h2>\n<p>[\/vc_column_text][vc_separator color=\u00a0\u00bbblack\u00a0\u00bb border_width=\u00a0\u00bb2&Prime; el_width=\u00a0\u00bb10&Prime; css_animation=\u00a0\u00bbfadeInUp\u00a0\u00bb][vc_column_text css_animation=\u00a0\u00bbfadeInUp\u00a0\u00bb]FRENCO surveille constamment le processus de production en utilisant, en plus des instruments de mesure traditionnels, la machine de mesure tridimensionnelle Brown &amp; Sharpe et en s\u2019appuyant, au besoin, sur des laboratoires ext\u00e9rieurs.<\/p>\n<p>Pour le contr\u00f4le de la conformit\u00e9 du collage, des tests de r\u00e9sistances (bonding test) sont effectu\u00e9s conform\u00e9ment aux caract\u00e9ristiques internes ou selon les exigences des clients.[\/vc_column_text][vc_single_image image=\u00a0\u00bb779&Prime; img_size=\u00a0\u00bblarge\u00a0\u00bb alignment=\u00a0\u00bbcenter\u00a0\u00bb css_animation=\u00a0\u00bbfadeInUp\u00a0\u00bb][\/vc_column][vc_column width=\u00a0\u00bb1\/6&Prime;][\/vc_column][\/vc_row][vc_row full_width=\u00a0\u00bbstretch_row\u00a0\u00bb equal_height=\u00a0\u00bbyes\u00a0\u00bb content_placement=\u00a0\u00bbmiddle\u00a0\u00bb css=\u00a0\u00bb.vc_custom_1549971865834{padding-top: 0px !important;padding-bottom: 0px !important;background-position: center !important;background-repeat: no-repeat !important;background-size: cover !important;}\u00a0\u00bb][vc_column width=\u00a0\u00bb1\/6&Prime; set_column_height=\u00a0\u00bbyes\u00a0\u00bb][\/vc_column][vc_column width=\u00a0\u00bb2\/3&Prime;][vc_column_text css_animation=\u00a0\u00bbfadeInUp\u00a0\u00bb el_class=\u00a0\u00bbmagenta-title\u00a0\u00bb]<\/p>\n<h2 style=\"text-align: center;\">Certifications<\/h2>\n<p>[\/vc_column_text][vc_separator color=\u00a0\u00bbblack\u00a0\u00bb border_width=\u00a0\u00bb2&Prime; el_width=\u00a0\u00bb10&Prime; css_animation=\u00a0\u00bbfadeInUp\u00a0\u00bb][vc_column_text css_animation=\u00a0\u00bbfadeInUp\u00a0\u00bb]Au fil des ann\u00e9es, FRENCO a obtenu les diff\u00e9rentes certifications du secteur, dont :[\/vc_column_text][\/vc_column][vc_column width=\u00a0\u00bb1\/6&Prime;][\/vc_column][\/vc_row][vc_row full_width=\u00a0\u00bbstretch_row\u00a0\u00bb equal_height=\u00a0\u00bbyes\u00a0\u00bb css=\u00a0\u00bb.vc_custom_1549971952390{padding-top: 0px !important;padding-bottom: 0px !important;background-position: center !important;background-repeat: no-repeat !important;background-size: cover !important;}\u00a0\u00bb][vc_column width=\u00a0\u00bb1\/6&Prime; set_column_height=\u00a0\u00bbyes\u00a0\u00bb][\/vc_column][vc_column width=\u00a0\u00bb1\/6&Prime;][vc_column_text el_class=\u00a0\u00bbcert-description\u00a0\u00bb]<\/p>\n<p style=\"text-align: center;\"><strong><span style=\"color: #ff0000;\">1999<br \/>\n<\/span><\/strong>FRENCO se tourne vers le groupe TUV SUD et obtient sa premi\u00e8re certification<br \/>\nDIN EN ISO 9002<\/p>\n<p>[\/vc_column_text][\/vc_column][vc_column width=\u00a0\u00bb1\/6&Prime;][vc_column_text css=\u00a0\u00bb.vc_custom_1556613472004{margin-bottom: 30px !important;}\u00a0\u00bb el_class=\u00a0\u00bbcert-description\u00a0\u00bb]<\/p>\n<p style=\"text-align: center;\"><strong><span style=\"color: #ff0000;\">2002<\/span><\/strong><br \/>\nFRENCO dispose d\u2019un Syst\u00e8me de Gestion de la Qualit\u00e9 certifi\u00e9 selon la norme<br \/>\nUNI EN ISO 9001:2000<\/p>\n<p>[\/vc_column_text][\/vc_column][vc_column width=\u00a0\u00bb1\/6&Prime;][vc_column_text el_class=\u00a0\u00bbcert-description\u00a0\u00bb]<\/p>\n<p style=\"text-align: center;\"><strong><span style=\"color: #ff0000;\">2010<\/span><\/strong><br \/>\nFRENCO obtient la certification<br \/>\nUNI EN ISO 9001:2008<\/p>\n<p>[\/vc_column_text][\/vc_column][vc_column width=\u00a0\u00bb1\/6&Prime;][vc_column_text el_class=\u00a0\u00bbcert-description\u00a0\u00bb]<\/p>\n<p style=\"text-align: center;\"><strong><span style=\"color: #ff0000;\">2017<\/span><\/strong><br \/>\nFRENCO obtient la certification<br \/>\n<span style=\"color: #ff0000;\"><strong><a style=\"color: #ff0000;\" href=\"https:\/\/www.axf-axles.com\/wp-content\/uploads\/2023\/11\/CERT.-QUAL.50-100-4322-Rev.011.pdf\">UNI EN ISO 9001:2015<\/a><\/strong><\/span><\/p>\n<p>[\/vc_column_text][\/vc_column][vc_column width=\u00a0\u00bb1\/6&Prime;][\/vc_column][\/vc_row][vc_row full_width=\u00a0\u00bbstretch_row\u00a0\u00bb equal_height=\u00a0\u00bbyes\u00a0\u00bb content_placement=\u00a0\u00bbmiddle\u00a0\u00bb css=\u00a0\u00bb.vc_custom_1549964330986{padding-top: 25px !important;padding-bottom: 60px !important;background-color: #f7f6f4 !important;background-position: center !important;background-repeat: no-repeat !important;background-size: cover !important;}\u00a0\u00bb el_class=\u00a0\u00bbfooter-cta\u00a0\u00bb][vc_column width=\u00a0\u00bb1\/6&Prime;][\/vc_column][vc_column width=\u00a0\u00bb3\/6&Prime;][vc_column_text]<strong>TAKE A <span style=\"color: #cf392c;\">BRAKE<\/span> WITH US<br \/>\n<\/strong>D\u00e9couvrez sans engagement nos solutions adapt\u00e9es \u00e0 vos besoins.[\/vc_column_text][\/vc_column][vc_column width=\u00a0\u00bb1\/6&Prime;]<div class=\"pix_button clear button-center\"><a href=\"https:\/\/www.axf-axles.com\/fr\/contacts\/\" title=\"\"  class=\"btn btn-outline btn-rectangle  btn-md colorbtn rounded-btn\">Contactez-nous<\/a><\/div>[\/vc_column][vc_column width=\u00a0\u00bb1\/6&Prime;][\/vc_column][\/vc_row]<\/p>\n","protected":false},"excerpt":{"rendered":"<p>[vc_row full_width=\u00a0\u00bbstretch_row_content_no_spaces\u00a0\u00bb content_placement=\u00a0\u00bbmiddle\u00a0\u00bb color_style=\u00a0\u00bblight\u00a0\u00bb css=\u00a0\u00bb.vc_custom_1549964322448{padding-top: 150px !important;padding-bottom: 90px !important;background-image: url(http:\/\/www.frenco-italy.com\/wp-content\/uploads\/2019\/02\/qualita-header.jpg?id=10) !important;background-position: center !important;background-repeat: no-repeat !important;background-size: cover !important;}\u00a0\u00bb el_class=\u00a0\u00bbcircle-header\u00a0\u00bb][vc_column width=\u00a0\u00bb1\/6&Prime;][\/vc_column][vc_column width=\u00a0\u00bb2\/3&Prime;][\/vc_column][vc_column width=\u00a0\u00bb1\/6&Prime;][\/vc_column][\/vc_row][vc_row full_width=\u00a0\u00bbstretch_row\u00a0\u00bb equal_height=\u00a0\u00bbyes\u00a0\u00bb content_placement=\u00a0\u00bbmiddle\u00a0\u00bb css=\u00a0\u00bb.vc_custom_1549962263854{padding-top: 60px !important;padding-bottom: 0px !important;background-position: center !important;background-repeat: no-repeat !important;background-size: cover !important;}\u00a0\u00bb][vc_column width=\u00a0\u00bb1\/6&Prime; set_column_height=\u00a0\u00bbyes\u00a0\u00bb column_height=\u00a0\u00bb540px\u00a0\u00bb][\/vc_column][vc_column width=\u00a0\u00bb2\/3&Prime; css=\u00a0\u00bb.vc_custom_1550488561058{padding-bottom:&#8230;<\/p>\n","protected":false},"author":1,"featured_media":0,"parent":0,"menu_order":7,"comment_status":"closed","ping_status":"closed","template":"","meta":[],"_links":{"self":[{"href":"https:\/\/www.axf-axles.com\/fr\/wp-json\/wp\/v2\/pages\/2397"}],"collection":[{"href":"https:\/\/www.axf-axles.com\/fr\/wp-json\/wp\/v2\/pages"}],"about":[{"href":"https:\/\/www.axf-axles.com\/fr\/wp-json\/wp\/v2\/types\/page"}],"author":[{"embeddable":true,"href":"https:\/\/www.axf-axles.com\/fr\/wp-json\/wp\/v2\/users\/1"}],"replies":[{"embeddable":true,"href":"https:\/\/www.axf-axles.com\/fr\/wp-json\/wp\/v2\/comments?post=2397"}],"version-history":[{"count":5,"href":"https:\/\/www.axf-axles.com\/fr\/wp-json\/wp\/v2\/pages\/2397\/revisions"}],"predecessor-version":[{"id":2643,"href":"https:\/\/www.axf-axles.com\/fr\/wp-json\/wp\/v2\/pages\/2397\/revisions\/2643"}],"wp:attachment":[{"href":"https:\/\/www.axf-axles.com\/fr\/wp-json\/wp\/v2\/media?parent=2397"}],"curies":[{"name":"wp","href":"https:\/\/api.w.org\/{rel}","templated":true}]}}